{"id":432,"date":"2023-09-18T12:08:07","date_gmt":"2023-09-18T09:08:07","guid":{"rendered":"https:\/\/kelias.programuoki.lt\/?post_type=product&#038;p=432"},"modified":"2024-10-26T08:35:31","modified_gmt":"2024-10-26T05:35:31","slug":"zurnalas-kelione-2022-m-nr-iii","status":"publish","type":"product","link":"https:\/\/oldoriginal.zurnalaskelione.lt\/index.php\/product\/zurnalas-kelione-2022-m-nr-iii\/","title":{"rendered":"\u017durnalas \u201eKelion\u0117\u201c<br>2022 m. Nr. III"},"content":{"rendered":"<p>Vienas i\u0161 opiausi\u0173 \u0161iandienos varg\u0173 \u2013 teisingumo alkis, atleidimo i\u0161\u0161\u016bkis ir s\u0105\u017einingumas. Tad \u0161iame numeryje skaitytojai kvie\u010diami drauge klausti:\u00a0kas yra teisingumas? Teisingumas, vykdomas teismo sal\u0117je ar \u0161irdyje? Kas yra teisingumo doryb\u0117 ir kaip prakti\u0161kai ja gyventi? Kaip \u201esugyvena\u201c teisingumas ir atleidimas, vienas antrojo nepaneigdami\u00a0ir\u00a0 neapribodami? O kaip apie teisingum\u0105 kalb\u0117ti karo akivaizdoje?<\/p>\n<p>\u201eTrok\u0161tu ne ker\u0161to, o teisingumo\u201c, \u2013 sako mergina, pasakojanti, kaip aidint sprogimams ir aplink \u017e\u016bstant nekaltiems \u017emon\u0117ms po de\u0161imties dien\u0173 pragaro su \u0161eima pasitrauk\u0117 i\u0161 rus\u0173 bombarduojamo Hostomelio.<\/p>\n<p>\u201eNutylima tema\u201c \u0161\u012f kart\u0105 toli nuo ginkl\u0173 \u017evangesio, ta\u010diau kalba apie vidin\u0119 kov\u0105, kai\u2026 pasirenkame naikinti save. Apie valgymo sutrikimus ir kov\u0105 su jais bei augim\u0105 sav\u0119s pri\u0117mime dalinasi Vaida. Pokalbiuose su policininku Daliumi Mackela, mons. Rolandu Makricku, meninink\u0117mis Eva Lauma ir Indre Valantinaite taip matyti teisingumo\u00a0konkre\u010diose gyvenimi\u0161kose situacijose paie\u0161kos. Be to, dar daugyb\u0117 ir \u012fkvepian\u010di\u0173, ir atsikv\u0117pti leid\u017eian\u010di\u0173 vaizd\u0173 ir tekst\u0173, laukia drauge keliaujan\u010di\u0173j\u0173 \u012f\u00a0Taikos Kunigaik\u0161\u010dio gl\u0117b\u012f.<\/p>\n","protected":false},"excerpt":{"rendered":"<p>Vienas i\u0161 opiausi\u0173 \u0161iandienos varg\u0173 \u2013 teisingumo alkis, atleidimo i\u0161\u0161\u016bkis ir s\u0105\u017einingumas. Tad \u0161iame numeryje skaitytojai kvie\u010diami drauge klausti:\u00a0kas yra teisingumas? Teisingumas, vykdomas teismo sal\u0117je ar \u0161irdyje? Kas yra teisingumo doryb\u0117 ir kaip prakti\u0161kai ja gyventi? Kaip \u201esugyvena\u201c teisingumas ir atleidimas, vienas antrojo nepaneigdami\u00a0ir\u00a0 neapribodami? O kaip apie teisingum\u0105 kalb\u0117ti karo akivaizdoje?<\/p>\n<p>\u201eTrok\u0161tu ne ker\u0161to, o teisingumo\u201c, \u2013 sako mergina, pasakojanti, kaip aidint sprogimams ir aplink \u017e\u016bstant nekaltiems \u017emon\u0117ms po de\u0161imties dien\u0173 pragaro su \u0161eima pasitrauk\u0117 i\u0161 rus\u0173 bombarduojamo Hostomelio.<\/p>\n<p>\u201eNutylima tema\u201c \u0161\u012f kart\u0105 toli nuo ginkl\u0173 \u017evangesio, ta\u010diau kalba apie vidin\u0119 kov\u0105, kai\u2026 pasirenkame naikinti save. Apie valgymo sutrikimus ir kov\u0105 su jais bei augim\u0105 sav\u0119s pri\u0117mime dalinasi Vaida. Pokalbiuose su policininku Daliumi Mackela, mons. Rolandu Makricku, meninink\u0117mis Eva Lauma ir Indre Valantinaite taip matyti teisingumo\u00a0konkre\u010diose gyvenimi\u0161kose situacijose paie\u0161kos. Be to, dar daugyb\u0117 ir \u012fkvepian\u010di\u0173, ir atsikv\u0117pti leid\u017eian\u010di\u0173 vaizd\u0173 ir tekst\u0173, laukia drauge keliaujan\u010di\u0173j\u0173 \u012f\u00a0Taikos Kunigaik\u0161\u010dio gl\u0117b\u012f.<\/p>\n","protected":false},"featured_media":31,"template":"","meta":{"jetpack_post_was_ever_published":false},"product_brand":[],"product_cat":[55],"product_tag":[],"class_list":{"0":"post-432","1":"product","2":"type-product","3":"status-publish","4":"has-post-thumbnail","6":"product_cat-zurnalas","8":"first","9":"outofstock","10":"taxable","11":"shipping-taxable","12":"purchasable","13":"product-type-simple"},"aioseo_notices":[],"jetpack_sharing_enabled":true,"featured_media_urls":{"thumbnail":["https:\/\/oldoriginal.zurnalaskelione.lt\/wp-content\/uploads\/2022\/09\/cropped-VIRSELIS-2022-iii_page_1-150x150.jpeg",150,150,true],"medium":["https:\/\/oldoriginal.zurnalaskelione.lt\/wp-content\/uploads\/2022\/09\/cropped-VIRSELIS-2022-iii_page_1-225x300.jpeg",225,300,true],"medium_large":["https:\/\/oldoriginal.zurnalaskelione.lt\/wp-content\/uploads\/2022\/09\/cropped-VIRSELIS-2022-iii_page_1-768x1024.jpeg",768,1024,true],"large":["https:\/\/oldoriginal.zurnalaskelione.lt\/wp-content\/uploads\/2022\/09\/cropped-VIRSELIS-2022-iii_page_1-768x1024.jpeg",768,1024,true],"1536x1536":["https:\/\/oldoriginal.zurnalaskelione.lt\/wp-content\/uploads\/2022\/09\/cropped-VIRSELIS-2022-iii_page_1-1152x1536.jpeg",1152,1536,true],"2048x2048":["https:\/\/oldoriginal.zurnalaskelione.lt\/wp-content\/uploads\/2022\/09\/cropped-VIRSELIS-2022-iii_page_1-1536x2048.jpeg",1536,2048,true],"inspiro-featured-image":["https:\/\/oldoriginal.zurnalaskelione.lt\/wp-content\/uploads\/2022\/09\/cropped-VIRSELIS-2022-iii_page_1-scaled.jpeg",1920,2560,false],"inspiro-loop":["https:\/\/oldoriginal.zurnalaskelione.lt\/wp-content\/uploads\/2022\/09\/cropped-VIRSELIS-2022-iii_page_1-950x320.jpeg",950,320,true],"inspiro-loop@2x":["https:\/\/oldoriginal.zurnalaskelione.lt\/wp-content\/uploads\/2022\/09\/cropped-VIRSELIS-2022-iii_page_1-1900x640.jpeg",1900,640,true],"menu-24x24":["https:\/\/oldoriginal.zurnalaskelione.lt\/wp-content\/uploads\/2022\/09\/cropped-VIRSELIS-2022-iii_page_1-scaled-18x24.jpeg",18,24,true],"menu-36x36":["https:\/\/oldoriginal.zurnalaskelione.lt\/wp-content\/uploads\/2022\/09\/cropped-VIRSELIS-2022-iii_page_1-scaled-27x36.jpeg",27,36,true],"menu-48x48":["https:\/\/oldoriginal.zurnalaskelione.lt\/wp-content\/uploads\/2022\/09\/cropped-VIRSELIS-2022-iii_page_1-scaled-36x48.jpeg",36,48,true],"woocommerce_thumbnail":["https:\/\/oldoriginal.zurnalaskelione.lt\/wp-content\/uploads\/2022\/09\/cropped-VIRSELIS-2022-iii_page_1-scaled-300x400.jpeg",300,400,true],"woocommerce_single":["https:\/\/oldoriginal.zurnalaskelione.lt\/wp-content\/uploads\/2022\/09\/cropped-VIRSELIS-2022-iii_page_1-scaled-600x800.jpeg",600,800,true],"woocommerce_gallery_thumbnail":["https:\/\/oldoriginal.zurnalaskelione.lt\/wp-content\/uploads\/2022\/09\/cropped-VIRSELIS-2022-iii_page_1-scaled-100x100.jpeg",100,100,true],"portfolio_item-thumbnail":["https:\/\/oldoriginal.zurnalaskelione.lt\/wp-content\/uploads\/2022\/09\/cropped-VIRSELIS-2022-iii_page_1-scaled-600x400.jpeg",600,400,true],"portfolio_item-thumbnail@2x":["https:\/\/oldoriginal.zurnalaskelione.lt\/wp-content\/uploads\/2022\/09\/cropped-VIRSELIS-2022-iii_page_1-scaled-1200x800.jpeg",1200,800,true],"portfolio_item-masonry":["https:\/\/oldoriginal.zurnalaskelione.lt\/wp-content\/uploads\/2022\/09\/cropped-VIRSELIS-2022-iii_page_1-scaled-600x800.jpeg",600,800,true],"portfolio_item-masonry@2x":["https:\/\/oldoriginal.zurnalaskelione.lt\/wp-content\/uploads\/2022\/09\/cropped-VIRSELIS-2022-iii_page_1-scaled-1200x1600.jpeg",1200,1600,true],"portfolio_item-thumbnail_cinema":["https:\/\/oldoriginal.zurnalaskelione.lt\/wp-content\/uploads\/2022\/09\/cropped-VIRSELIS-2022-iii_page_1-scaled-800x335.jpeg",800,335,true],"portfolio_item-thumbnail_portrait":["https:\/\/oldoriginal.zurnalaskelione.lt\/wp-content\/uploads\/2022\/09\/cropped-VIRSELIS-2022-iii_page_1-scaled-600x900.jpeg",600,900,true],"portfolio_item-thumbnail_portrait@2x":["https:\/\/oldoriginal.zurnalaskelione.lt\/wp-content\/uploads\/2022\/09\/cropped-VIRSELIS-2022-iii_page_1-scaled-1200x1800.jpeg",1200,1800,true],"portfolio_item-thumbnail_square":["https:\/\/oldoriginal.zurnalaskelione.lt\/wp-content\/uploads\/2022\/09\/cropped-VIRSELIS-2022-iii_page_1-scaled-800x800.jpeg",800,800,true]},"_links":{"self":[{"href":"https:\/\/oldoriginal.zurnalaskelione.lt\/index.php\/wp-json\/wp\/v2\/product\/432"}],"collection":[{"href":"https:\/\/oldoriginal.zurnalaskelione.lt\/index.php\/wp-json\/wp\/v2\/product"}],"about":[{"href":"https:\/\/oldoriginal.zurnalaskelione.lt\/index.php\/wp-json\/wp\/v2\/types\/product"}],"wp:featuredmedia":[{"embeddable":true,"href":"https:\/\/oldoriginal.zurnalaskelione.lt\/index.php\/wp-json\/wp\/v2\/media\/31"}],"wp:attachment":[{"href":"https:\/\/oldoriginal.zurnalaskelione.lt\/index.php\/wp-json\/wp\/v2\/media?parent=432"}],"wp:term":[{"taxonomy":"product_brand","embeddable":true,"href":"https:\/\/oldoriginal.zurnalaskelione.lt\/index.php\/wp-json\/wp\/v2\/product_brand?post=432"},{"taxonomy":"product_cat","embeddable":true,"href":"https:\/\/oldoriginal.zurnalaskelione.lt\/index.php\/wp-json\/wp\/v2\/product_cat?post=432"},{"taxonomy":"product_tag","embeddable":true,"href":"https:\/\/oldoriginal.zurnalaskelione.lt\/index.php\/wp-json\/wp\/v2\/product_tag?post=432"}],"curies":[{"name":"wp","href":"https:\/\/api.w.org\/{rel}","templated":true}]}}