{"id":422,"date":"2023-09-18T12:05:45","date_gmt":"2023-09-18T09:05:45","guid":{"rendered":"https:\/\/kelias.programuoki.lt\/index.php\/product\/hoodie-with-logo\/"},"modified":"2023-10-23T09:31:05","modified_gmt":"2023-10-23T06:31:05","slug":"hoodie-with-logo","status":"publish","type":"product","link":"https:\/\/oldoriginal.zurnalaskelione.lt\/index.php\/product\/hoodie-with-logo\/","title":{"rendered":"\u017durnalas \u201eKelion\u0117\u201c<br>2022 m. Nr. I"},"content":{"rendered":"<p>\u201eVisas pasaulis lenkiasi\u2026.\u201c \u2013 sako psichiatras psichoterapeutas Aleksandras Aleksei\u010dikas, kuris pirmajame \u0161i\u0173 met\u0173 \u201eKelion\u0117s\u201c numeryje dalinasi mintimis apie nuolankum\u0105. B\u016btent apie j\u012f daugiausiai ir kalbam\u0117s \u0161ioje \u201eKelion\u0117je\u201c, klausdami: k\u0105 i\u0161 ties\u0173 rei\u0161kia b\u016bti nuolankiam? Kokia perskyra tarp tikro ir netikro nuolankumo? Kas yra autoritetas ir kas nutinka tuomet, kai savo autoritet\u0105 imu naudoti netinkamai? Pastaroji mintis paved\u0117jo iki \u201eNutylimos temos\u201c apie itin subtil\u0173, bet gaj\u0173 blogio pavidal\u0105 \u2013 dvasin\u012f piktnaud\u017eiavim\u0105 savo autoritetu.<\/p>\n<p>Naujoje \u201eKelion\u0117je\u201c sutiksime ir nauj\u0173 autori\u0173: profesor\u0119 ses. Ligit\u0105 Ryli\u0161kyt\u0119, SJE, kun. Mindaug\u0105 Malinausk\u0105, SJ, ra\u0161ytoj\u0105 Regimant\u0105 Tamo\u0161ait\u012f. O dar pokalbiai! \u010cia skaitytojai gal\u0117s stabtel\u0117ti ir labiau susipa\u017einti su saleziete seserimi Liucija, meninink\u0117mis prof. Marija Marcelionyte-Pauliuke ir pianiste Ger\u016bta Grini\u016bte, o pokalbyje su arkivysk. Gintaru Gru\u0161u daugiau su\u017einoti apie 1985 m. vykus\u012f Baltijos taikos ir laisv\u0117s kruiz\u0105.<\/p>\n<p>\u0160ie ir kiti vertingi tekstai J\u016bs\u0173 laukia \u017eurnale \u201eKelion\u0117\u201c.<\/p>\n","protected":false},"excerpt":{"rendered":"<p>Ketvirtinis \u017eurnalas \u201eKelion\u0117\u201c<\/p>\n","protected":false},"featured_media":423,"template":"","meta":{"jetpack_post_was_ever_published":false},"product_brand":[],"product_cat":[55],"product_tag":[],"class_list":{"0":"post-422","1":"product","2":"type-product","3":"status-publish","4":"has-post-thumbnail","6":"product_cat-zurnalas","8":"first","9":"outofstock","10":"taxable","11":"shipping-taxable","12":"purchasable","13":"product-type-simple"},"aioseo_notices":[],"jetpack_sharing_enabled":true,"featured_media_urls":{"thumbnail":["https:\/\/oldoriginal.zurnalaskelione.lt\/wp-content\/uploads\/2022\/10\/VIRSELIS-2022-i-800x1067-1-150x150.jpg",150,150,true],"medium":["https:\/\/oldoriginal.zurnalaskelione.lt\/wp-content\/uploads\/2022\/10\/VIRSELIS-2022-i-800x1067-1-225x300.jpg",225,300,true],"medium_large":["https:\/\/oldoriginal.zurnalaskelione.lt\/wp-content\/uploads\/2022\/10\/VIRSELIS-2022-i-800x1067-1-768x1024.jpg",768,1024,true],"large":["https:\/\/oldoriginal.zurnalaskelione.lt\/wp-content\/uploads\/2022\/10\/VIRSELIS-2022-i-800x1067-1-768x1024.jpg",768,1024,true],"1536x1536":["https:\/\/oldoriginal.zurnalaskelione.lt\/wp-content\/uploads\/2022\/10\/VIRSELIS-2022-i-800x1067-1.jpg",800,1067,false],"2048x2048":["https:\/\/oldoriginal.zurnalaskelione.lt\/wp-content\/uploads\/2022\/10\/VIRSELIS-2022-i-800x1067-1.jpg",800,1067,false],"inspiro-featured-image":["https:\/\/oldoriginal.zurnalaskelione.lt\/wp-content\/uploads\/2022\/10\/VIRSELIS-2022-i-800x1067-1.jpg",800,1067,false],"inspiro-loop":["https:\/\/oldoriginal.zurnalaskelione.lt\/wp-content\/uploads\/2022\/10\/VIRSELIS-2022-i-800x1067-1-800x320.jpg",800,320,true],"inspiro-loop@2x":["https:\/\/oldoriginal.zurnalaskelione.lt\/wp-content\/uploads\/2022\/10\/VIRSELIS-2022-i-800x1067-1-800x640.jpg",800,640,true],"menu-24x24":["https:\/\/oldoriginal.zurnalaskelione.lt\/wp-content\/uploads\/2022\/10\/VIRSELIS-2022-i-800x1067-1-18x24.jpg",18,24,true],"menu-36x36":["https:\/\/oldoriginal.zurnalaskelione.lt\/wp-content\/uploads\/2022\/10\/VIRSELIS-2022-i-800x1067-1-27x36.jpg",27,36,true],"menu-48x48":["https:\/\/oldoriginal.zurnalaskelione.lt\/wp-content\/uploads\/2022\/10\/VIRSELIS-2022-i-800x1067-1-36x48.jpg",36,48,true],"woocommerce_thumbnail":["https:\/\/oldoriginal.zurnalaskelione.lt\/wp-content\/uploads\/2022\/10\/VIRSELIS-2022-i-800x1067-1-300x400.jpg",300,400,true],"woocommerce_single":["https:\/\/oldoriginal.zurnalaskelione.lt\/wp-content\/uploads\/2022\/10\/VIRSELIS-2022-i-800x1067-1-600x800.jpg",600,800,true],"woocommerce_gallery_thumbnail":["https:\/\/oldoriginal.zurnalaskelione.lt\/wp-content\/uploads\/2022\/10\/VIRSELIS-2022-i-800x1067-1-100x100.jpg",100,100,true],"portfolio_item-thumbnail":["https:\/\/oldoriginal.zurnalaskelione.lt\/wp-content\/uploads\/2022\/10\/VIRSELIS-2022-i-800x1067-1-600x400.jpg",600,400,true],"portfolio_item-thumbnail@2x":["https:\/\/oldoriginal.zurnalaskelione.lt\/wp-content\/uploads\/2022\/10\/VIRSELIS-2022-i-800x1067-1-800x800.jpg",800,800,true],"portfolio_item-masonry":["https:\/\/oldoriginal.zurnalaskelione.lt\/wp-content\/uploads\/2022\/10\/VIRSELIS-2022-i-800x1067-1-600x800.jpg",600,800,true],"portfolio_item-masonry@2x":["https:\/\/oldoriginal.zurnalaskelione.lt\/wp-content\/uploads\/2022\/10\/VIRSELIS-2022-i-800x1067-1.jpg",800,1067,false],"portfolio_item-thumbnail_cinema":["https:\/\/oldoriginal.zurnalaskelione.lt\/wp-content\/uploads\/2022\/10\/VIRSELIS-2022-i-800x1067-1-800x335.jpg",800,335,true],"portfolio_item-thumbnail_portrait":["https:\/\/oldoriginal.zurnalaskelione.lt\/wp-content\/uploads\/2022\/10\/VIRSELIS-2022-i-800x1067-1-600x900.jpg",600,900,true],"portfolio_item-thumbnail_portrait@2x":["https:\/\/oldoriginal.zurnalaskelione.lt\/wp-content\/uploads\/2022\/10\/VIRSELIS-2022-i-800x1067-1.jpg",800,1067,false],"portfolio_item-thumbnail_square":["https:\/\/oldoriginal.zurnalaskelione.lt\/wp-content\/uploads\/2022\/10\/VIRSELIS-2022-i-800x1067-1-800x800.jpg",800,800,true]},"_links":{"self":[{"href":"https:\/\/oldoriginal.zurnalaskelione.lt\/index.php\/wp-json\/wp\/v2\/product\/422"}],"collection":[{"href":"https:\/\/oldoriginal.zurnalaskelione.lt\/index.php\/wp-json\/wp\/v2\/product"}],"about":[{"href":"https:\/\/oldoriginal.zurnalaskelione.lt\/index.php\/wp-json\/wp\/v2\/types\/product"}],"wp:featuredmedia":[{"embeddable":true,"href":"https:\/\/oldoriginal.zurnalaskelione.lt\/index.php\/wp-json\/wp\/v2\/media\/423"}],"wp:attachment":[{"href":"https:\/\/oldoriginal.zurnalaskelione.lt\/index.php\/wp-json\/wp\/v2\/media?parent=422"}],"wp:term":[{"taxonomy":"product_brand","embeddable":true,"href":"https:\/\/oldoriginal.zurnalaskelione.lt\/index.php\/wp-json\/wp\/v2\/product_brand?post=422"},{"taxonomy":"product_cat","embeddable":true,"href":"https:\/\/oldoriginal.zurnalaskelione.lt\/index.php\/wp-json\/wp\/v2\/product_cat?post=422"},{"taxonomy":"product_tag","embeddable":true,"href":"https:\/\/oldoriginal.zurnalaskelione.lt\/index.php\/wp-json\/wp\/v2\/product_tag?post=422"}],"curies":[{"name":"wp","href":"https:\/\/api.w.org\/{rel}","templated":true}]}}