{"id":2826,"date":"2024-08-29T15:14:15","date_gmt":"2024-08-29T12:14:15","guid":{"rendered":"https:\/\/oldoriginal.zurnalaskelione.lt\/?post_type=product&#038;p=2826"},"modified":"2024-08-29T15:16:49","modified_gmt":"2024-08-29T12:16:49","slug":"zurnalas-kelione-2024-m-nr-iii","status":"publish","type":"product","link":"https:\/\/oldoriginal.zurnalaskelione.lt\/index.php\/product\/zurnalas-kelione-2024-m-nr-iii\/","title":{"rendered":"\u017durnalas \u201eKelion\u0117\u201c <br> 2024 m. Nr. III"},"content":{"rendered":"<p><img fetchpriority=\"high\" decoding=\"async\" class=\"alignnone wp-image-2827\" src=\"https:\/\/oldoriginal.zurnalaskelione.lt\/wp-content\/uploads\/2024\/08\/Ekrano-nuotrauka-2024-08-29-151016-300x257.png\" alt=\"\" width=\"914\" height=\"783\" srcset=\"https:\/\/oldoriginal.zurnalaskelione.lt\/wp-content\/uploads\/2024\/08\/Ekrano-nuotrauka-2024-08-29-151016-300x257.png 300w, https:\/\/oldoriginal.zurnalaskelione.lt\/wp-content\/uploads\/2024\/08\/Ekrano-nuotrauka-2024-08-29-151016.png 918w\" sizes=\"(max-width: 914px) 100vw, 914px\" \/><\/p>\n","protected":false},"excerpt":{"rendered":"<p>Naujajame \u017eurnalo \u201eKelion\u0117\u201c numeryje kalbama apie dr\u0105s\u0105 \u012fsipareigoti savo pa\u0161aukimui. Kaip atpa\u017einti savo keli\u0105? Kaip jame i\u0161likti? Apie tai liudija kard. Audrys Juozas Ba\u010dkis, daugiau nei \u0161e\u0161is de\u0161imtme\u010dius pa\u0161vent\u0119s kunigystei; doc. dr. Benas Ulevi\u010dius, kurio gyvenime skleid\u017eiasi teologo, diakono, sutuoktinio ir t\u0117\u010dio pa\u0161aukimai; virtuv\u0117s \u0161efas Gian Luca Demarco, vyk\u0119s \u012f Lietuv\u0105, nor\u0117damas gelb\u0117ti kitus, ta\u010diau \u010dia rad\u0119s ir savo kelio pilnatv\u0119.<\/p>\n<p>Be to, skaitytojai, padedami ra\u0161ytojos Agn\u0117s \u017dagrakalyt\u0117s, \u0161ioje \u201eKelion\u0117je\u201c gal\u0117s susipa\u017einti su \u012fstabia \u0161v. Damijono, savo gyvenim\u0105 pa\u0161ventusio raupsuotiesiems, istorija, lydimi Juozo Gai\u017eausko pakeliaus nuotyki\u0173 kupinu \u0160v. Pranci\u0161kaus keliu Italijoje, o drauge su dr. J\u016brate Micevi\u010di\u016bte gal\u0117s i\u0161siai\u0161kinti, kod\u0117l net ateistas rinkt\u0173si tikint\u012f gydytoj\u0105, bankinink\u0105 ir advokat\u0105.<\/p>\n<p>\u017durnale rasite ir Vandos Juknait\u0117s tekst\u0105 apie kalbos pamokas, Valdo Mackelos straipsn\u012f apie pavargusius krik\u0161\u010dionis, pokalb\u012f su dirigentu Imantu Jonu \u0160imkumi apie muzikos gelm\u0119, \u201eNutylimoje temoje\u201c su\u017einosite apie tai, kas yra suaug\u0119 alkoholik\u0173 vaikai ir kokie j\u0173 keliai \u012f laisv\u0119.<\/p>\n<p>\u0160ie ir kiti vertingi tekstai laukia naujo \u201eKelion\u0117s\u201c numerio skaitytoj\u0173.<\/p>\n","protected":false},"featured_media":2828,"template":"","meta":{"jetpack_post_was_ever_published":false},"product_brand":[],"product_cat":[55],"product_tag":[62,274],"class_list":{"0":"post-2826","1":"product","2":"type-product","3":"status-publish","4":"has-post-thumbnail","6":"product_cat-zurnalas","7":"product_tag-kelione","8":"product_tag-zurnalas","10":"first","11":"instock","12":"taxable","13":"shipping-taxable","14":"purchasable","15":"product-type-simple"},"aioseo_notices":[],"jetpack_sharing_enabled":true,"featured_media_urls":{"thumbnail":["https:\/\/oldoriginal.zurnalaskelione.lt\/wp-content\/uploads\/2024\/08\/Kelione_2024-iii_virselisDID-150x150.jpg",150,150,true],"medium":["https:\/\/oldoriginal.zurnalaskelione.lt\/wp-content\/uploads\/2024\/08\/Kelione_2024-iii_virselisDID-225x300.jpg",225,300,true],"medium_large":["https:\/\/oldoriginal.zurnalaskelione.lt\/wp-content\/uploads\/2024\/08\/Kelione_2024-iii_virselisDID-scaled.jpg",768,1024,false],"large":["https:\/\/oldoriginal.zurnalaskelione.lt\/wp-content\/uploads\/2024\/08\/Kelione_2024-iii_virselisDID-768x1024.jpg",768,1024,true],"1536x1536":["https:\/\/oldoriginal.zurnalaskelione.lt\/wp-content\/uploads\/2024\/08\/Kelione_2024-iii_virselisDID-scaled-1152x1536.jpg",1152,1536,true],"2048x2048":["https:\/\/oldoriginal.zurnalaskelione.lt\/wp-content\/uploads\/2024\/08\/Kelione_2024-iii_virselisDID-scaled-1536x2048.jpg",1536,2048,true],"inspiro-featured-image":["https:\/\/oldoriginal.zurnalaskelione.lt\/wp-content\/uploads\/2024\/08\/Kelione_2024-iii_virselisDID-2000x2667.jpg",2000,2667,true],"inspiro-loop":["https:\/\/oldoriginal.zurnalaskelione.lt\/wp-content\/uploads\/2024\/08\/Kelione_2024-iii_virselisDID-950x320.jpg",950,320,true],"inspiro-loop@2x":["https:\/\/oldoriginal.zurnalaskelione.lt\/wp-content\/uploads\/2024\/08\/Kelione_2024-iii_virselisDID-1900x640.jpg",1900,640,true],"menu-24x24":["https:\/\/oldoriginal.zurnalaskelione.lt\/wp-content\/uploads\/2024\/08\/Kelione_2024-iii_virselisDID-scaled-18x24.jpg",18,24,true],"menu-36x36":["https:\/\/oldoriginal.zurnalaskelione.lt\/wp-content\/uploads\/2024\/08\/Kelione_2024-iii_virselisDID-scaled-27x36.jpg",27,36,true],"menu-48x48":["https:\/\/oldoriginal.zurnalaskelione.lt\/wp-content\/uploads\/2024\/08\/Kelione_2024-iii_virselisDID-scaled-36x48.jpg",36,48,true],"woocommerce_thumbnail":["https:\/\/oldoriginal.zurnalaskelione.lt\/wp-content\/uploads\/2024\/08\/Kelione_2024-iii_virselisDID-scaled-300x400.jpg",300,400,true],"woocommerce_single":["https:\/\/oldoriginal.zurnalaskelione.lt\/wp-content\/uploads\/2024\/08\/Kelione_2024-iii_virselisDID-scaled-600x800.jpg",600,800,true],"woocommerce_gallery_thumbnail":["https:\/\/oldoriginal.zurnalaskelione.lt\/wp-content\/uploads\/2024\/08\/Kelione_2024-iii_virselisDID-scaled-100x100.jpg",100,100,true],"portfolio_item-thumbnail":["https:\/\/oldoriginal.zurnalaskelione.lt\/wp-content\/uploads\/2024\/08\/Kelione_2024-iii_virselisDID-scaled-600x400.jpg",600,400,true],"portfolio_item-thumbnail@2x":["https:\/\/oldoriginal.zurnalaskelione.lt\/wp-content\/uploads\/2024\/08\/Kelione_2024-iii_virselisDID-scaled-1200x800.jpg",1200,800,true],"portfolio_item-masonry":["https:\/\/oldoriginal.zurnalaskelione.lt\/wp-content\/uploads\/2024\/08\/Kelione_2024-iii_virselisDID-scaled-600x800.jpg",600,800,true],"portfolio_item-masonry@2x":["https:\/\/oldoriginal.zurnalaskelione.lt\/wp-content\/uploads\/2024\/08\/Kelione_2024-iii_virselisDID-scaled-1200x1600.jpg",1200,1600,true],"portfolio_item-thumbnail_cinema":["https:\/\/oldoriginal.zurnalaskelione.lt\/wp-content\/uploads\/2024\/08\/Kelione_2024-iii_virselisDID-scaled-800x335.jpg",800,335,true],"portfolio_item-thumbnail_portrait":["https:\/\/oldoriginal.zurnalaskelione.lt\/wp-content\/uploads\/2024\/08\/Kelione_2024-iii_virselisDID-scaled-600x900.jpg",600,900,true],"portfolio_item-thumbnail_portrait@2x":["https:\/\/oldoriginal.zurnalaskelione.lt\/wp-content\/uploads\/2024\/08\/Kelione_2024-iii_virselisDID-scaled-1200x1800.jpg",1200,1800,true],"portfolio_item-thumbnail_square":["https:\/\/oldoriginal.zurnalaskelione.lt\/wp-content\/uploads\/2024\/08\/Kelione_2024-iii_virselisDID-scaled-800x800.jpg",800,800,true]},"_links":{"self":[{"href":"https:\/\/oldoriginal.zurnalaskelione.lt\/index.php\/wp-json\/wp\/v2\/product\/2826"}],"collection":[{"href":"https:\/\/oldoriginal.zurnalaskelione.lt\/index.php\/wp-json\/wp\/v2\/product"}],"about":[{"href":"https:\/\/oldoriginal.zurnalaskelione.lt\/index.php\/wp-json\/wp\/v2\/types\/product"}],"wp:featuredmedia":[{"embeddable":true,"href":"https:\/\/oldoriginal.zurnalaskelione.lt\/index.php\/wp-json\/wp\/v2\/media\/2828"}],"wp:attachment":[{"href":"https:\/\/oldoriginal.zurnalaskelione.lt\/index.php\/wp-json\/wp\/v2\/media?parent=2826"}],"wp:term":[{"taxonomy":"product_brand","embeddable":true,"href":"https:\/\/oldoriginal.zurnalaskelione.lt\/index.php\/wp-json\/wp\/v2\/product_brand?post=2826"},{"taxonomy":"product_cat","embeddable":true,"href":"https:\/\/oldoriginal.zurnalaskelione.lt\/index.php\/wp-json\/wp\/v2\/product_cat?post=2826"},{"taxonomy":"product_tag","embeddable":true,"href":"https:\/\/oldoriginal.zurnalaskelione.lt\/index.php\/wp-json\/wp\/v2\/product_tag?post=2826"}],"curies":[{"name":"wp","href":"https:\/\/api.w.org\/{rel}","templated":true}]}}