{"id":2350,"date":"2024-05-31T21:13:26","date_gmt":"2024-05-31T18:13:26","guid":{"rendered":"https:\/\/oldoriginal.zurnalaskelione.lt\/?post_type=product&#038;p=2350"},"modified":"2024-10-26T08:37:06","modified_gmt":"2024-10-26T05:37:06","slug":"zurnalas-kelione-2024-m-nr-ii","status":"publish","type":"product","link":"https:\/\/oldoriginal.zurnalaskelione.lt\/index.php\/product\/zurnalas-kelione-2024-m-nr-ii\/","title":{"rendered":"\u017durnalas \u201eKelion\u0117\u201c <br> 2024 m. Nr. II"},"content":{"rendered":"<p><img fetchpriority=\"high\" decoding=\"async\" class=\"alignnone wp-image-2367\" src=\"https:\/\/oldoriginal.zurnalaskelione.lt\/wp-content\/uploads\/2024\/05\/Ekrano-nuotrauka-2024-05-31-210544-229x300.png\" alt=\"\" width=\"700\" height=\"917\" srcset=\"https:\/\/oldoriginal.zurnalaskelione.lt\/wp-content\/uploads\/2024\/05\/Ekrano-nuotrauka-2024-05-31-210544-229x300.png 229w, https:\/\/oldoriginal.zurnalaskelione.lt\/wp-content\/uploads\/2024\/05\/Ekrano-nuotrauka-2024-05-31-210544.png 670w\" sizes=\"(max-width: 700px) 100vw, 700px\" \/><\/p>\n","protected":false},"excerpt":{"rendered":"<p>Kokiais b\u016bdais siekiame meil\u0117s ir kaip j\u0105 i\u0161rei\u0161kiame? Ar meil\u0119 galima \u012fsakyti, kaip girdime Evangelijoje? Galiausiai, kaip i\u0161 ties\u0173 myl\u0117ti save? Apie tai kun. K\u0119stu\u010dio Dvarecko, J\u016brat\u0117s Micevi\u010di\u016bt\u0117s ir kit\u0173 puiki\u0173 autori\u0173 tekstai.<\/p>\n<p>\u017durnalo skaitytoj\u0173 laukia ir pokalbis su Antanu, kurio istorija liudija \u012fstab\u0173 keli\u0105 brand\u017eios meil\u0117s link. Jis pasakoja pus\u0119 gyvenimo gyven\u0119s \u201ed\u0117l sav\u0119s\u201c (nors i\u0161 ties\u0173 b\u016bdamas priklausomas intensyviai save naikino), ta\u010diau po stebuklingo i\u0161gelb\u0117jimo nuo savi\u017eudyb\u0117s likus\u012f laik\u0105 apsisprend\u0117 dovanoti kitiems.<\/p>\n<p>Skiltyje \u201eNutylima tema\u201c \u012f pasitik\u0117jim\u0105 Dievo meile kvie\u010dia pulkininkas Eugenijus Lastauskas, kalb\u0117damas apie karo gr\u0117sm\u0119 ir jos keliam\u0105 nerim\u0105. O kun. Moz\u0117s Mitkevi\u010dius pasakoja apie tai, kaip Biblija mus moko nebijoti \u012fvairi\u0173 gr\u0117smi\u0173 akivaizdoje.<\/p>\n<p>Be to, \u0161iame numeryje rasite straipsnius apie \u0161vent\u0173j\u0173 valgiara\u0161\u010dius, grigali\u0161k\u0105j\u012f choral\u0105, didel\u0117s \u0161eimos paslaptis, apie artim\u0173j\u0173 i\u0161lyd\u0117jim\u0105 ir ged\u0117jim\u0105 bei \u017eurnalo redaktor\u0117s s. Faustinos pasidalinim\u0105 piligrimyst\u0117s patirtimis, pokalb\u012f su architekt\u016bros istorike Marija Dr\u0117maite ir nema\u017eai kit\u0173 verting\u0173 tekst\u0173.<\/p>\n","protected":false},"featured_media":2351,"template":"","meta":{"jetpack_post_was_ever_published":false},"product_brand":[],"product_cat":[55],"product_tag":[],"class_list":{"0":"post-2350","1":"product","2":"type-product","3":"status-publish","4":"has-post-thumbnail","6":"product_cat-zurnalas","8":"first","9":"instock","10":"taxable","11":"shipping-taxable","12":"purchasable","13":"product-type-simple"},"aioseo_notices":[],"jetpack_sharing_enabled":true,"featured_media_urls":{"thumbnail":["https:\/\/oldoriginal.zurnalaskelione.lt\/wp-content\/uploads\/2024\/05\/Kelione_2024-ii_virselis-MAZ-150x150.jpg",150,150,true],"medium":["https:\/\/oldoriginal.zurnalaskelione.lt\/wp-content\/uploads\/2024\/05\/Kelione_2024-ii_virselis-MAZ-225x300.jpg",225,300,true],"medium_large":["https:\/\/oldoriginal.zurnalaskelione.lt\/wp-content\/uploads\/2024\/05\/Kelione_2024-ii_virselis-MAZ.jpg",600,800,false],"large":["https:\/\/oldoriginal.zurnalaskelione.lt\/wp-content\/uploads\/2024\/05\/Kelione_2024-ii_virselis-MAZ.jpg",600,800,false],"1536x1536":["https:\/\/oldoriginal.zurnalaskelione.lt\/wp-content\/uploads\/2024\/05\/Kelione_2024-ii_virselis-MAZ.jpg",600,800,false],"2048x2048":["https:\/\/oldoriginal.zurnalaskelione.lt\/wp-content\/uploads\/2024\/05\/Kelione_2024-ii_virselis-MAZ.jpg",600,800,false],"inspiro-featured-image":["https:\/\/oldoriginal.zurnalaskelione.lt\/wp-content\/uploads\/2024\/05\/Kelione_2024-ii_virselis-MAZ.jpg",600,800,false],"inspiro-loop":["https:\/\/oldoriginal.zurnalaskelione.lt\/wp-content\/uploads\/2024\/05\/Kelione_2024-ii_virselis-MAZ-600x320.jpg",600,320,true],"inspiro-loop@2x":["https:\/\/oldoriginal.zurnalaskelione.lt\/wp-content\/uploads\/2024\/05\/Kelione_2024-ii_virselis-MAZ-600x640.jpg",600,640,true],"menu-24x24":["https:\/\/oldoriginal.zurnalaskelione.lt\/wp-content\/uploads\/2024\/05\/Kelione_2024-ii_virselis-MAZ-18x24.jpg",18,24,true],"menu-36x36":["https:\/\/oldoriginal.zurnalaskelione.lt\/wp-content\/uploads\/2024\/05\/Kelione_2024-ii_virselis-MAZ-27x36.jpg",27,36,true],"menu-48x48":["https:\/\/oldoriginal.zurnalaskelione.lt\/wp-content\/uploads\/2024\/05\/Kelione_2024-ii_virselis-MAZ-36x48.jpg",36,48,true],"woocommerce_thumbnail":["https:\/\/oldoriginal.zurnalaskelione.lt\/wp-content\/uploads\/2024\/05\/Kelione_2024-ii_virselis-MAZ-300x400.jpg",300,400,true],"woocommerce_single":["https:\/\/oldoriginal.zurnalaskelione.lt\/wp-content\/uploads\/2024\/05\/Kelione_2024-ii_virselis-MAZ.jpg",600,800,false],"woocommerce_gallery_thumbnail":["https:\/\/oldoriginal.zurnalaskelione.lt\/wp-content\/uploads\/2024\/05\/Kelione_2024-ii_virselis-MAZ-100x100.jpg",100,100,true],"portfolio_item-thumbnail":["https:\/\/oldoriginal.zurnalaskelione.lt\/wp-content\/uploads\/2024\/05\/Kelione_2024-ii_virselis-MAZ-600x400.jpg",600,400,true],"portfolio_item-thumbnail@2x":["https:\/\/oldoriginal.zurnalaskelione.lt\/wp-content\/uploads\/2024\/05\/Kelione_2024-ii_virselis-MAZ.jpg",600,800,false],"portfolio_item-masonry":["https:\/\/oldoriginal.zurnalaskelione.lt\/wp-content\/uploads\/2024\/05\/Kelione_2024-ii_virselis-MAZ.jpg",600,800,false],"portfolio_item-masonry@2x":["https:\/\/oldoriginal.zurnalaskelione.lt\/wp-content\/uploads\/2024\/05\/Kelione_2024-ii_virselis-MAZ.jpg",600,800,false],"portfolio_item-thumbnail_cinema":["https:\/\/oldoriginal.zurnalaskelione.lt\/wp-content\/uploads\/2024\/05\/Kelione_2024-ii_virselis-MAZ-600x335.jpg",600,335,true],"portfolio_item-thumbnail_portrait":["https:\/\/oldoriginal.zurnalaskelione.lt\/wp-content\/uploads\/2024\/05\/Kelione_2024-ii_virselis-MAZ.jpg",600,800,false],"portfolio_item-thumbnail_portrait@2x":["https:\/\/oldoriginal.zurnalaskelione.lt\/wp-content\/uploads\/2024\/05\/Kelione_2024-ii_virselis-MAZ.jpg",600,800,false],"portfolio_item-thumbnail_square":["https:\/\/oldoriginal.zurnalaskelione.lt\/wp-content\/uploads\/2024\/05\/Kelione_2024-ii_virselis-MAZ.jpg",600,800,false]},"_links":{"self":[{"href":"https:\/\/oldoriginal.zurnalaskelione.lt\/index.php\/wp-json\/wp\/v2\/product\/2350"}],"collection":[{"href":"https:\/\/oldoriginal.zurnalaskelione.lt\/index.php\/wp-json\/wp\/v2\/product"}],"about":[{"href":"https:\/\/oldoriginal.zurnalaskelione.lt\/index.php\/wp-json\/wp\/v2\/types\/product"}],"wp:featuredmedia":[{"embeddable":true,"href":"https:\/\/oldoriginal.zurnalaskelione.lt\/index.php\/wp-json\/wp\/v2\/media\/2351"}],"wp:attachment":[{"href":"https:\/\/oldoriginal.zurnalaskelione.lt\/index.php\/wp-json\/wp\/v2\/media?parent=2350"}],"wp:term":[{"taxonomy":"product_brand","embeddable":true,"href":"https:\/\/oldoriginal.zurnalaskelione.lt\/index.php\/wp-json\/wp\/v2\/product_brand?post=2350"},{"taxonomy":"product_cat","embeddable":true,"href":"https:\/\/oldoriginal.zurnalaskelione.lt\/index.php\/wp-json\/wp\/v2\/product_cat?post=2350"},{"taxonomy":"product_tag","embeddable":true,"href":"https:\/\/oldoriginal.zurnalaskelione.lt\/index.php\/wp-json\/wp\/v2\/product_tag?post=2350"}],"curies":[{"name":"wp","href":"https:\/\/api.w.org\/{rel}","templated":true}]}}