{"id":2153,"date":"2024-02-22T22:02:34","date_gmt":"2024-02-22T19:02:34","guid":{"rendered":"https:\/\/oldoriginal.zurnalaskelione.lt\/?post_type=product&#038;p=2153"},"modified":"2024-10-26T08:36:21","modified_gmt":"2024-10-26T05:36:21","slug":"zurnalas-kelione-2024-m-nr-i","status":"publish","type":"product","link":"https:\/\/oldoriginal.zurnalaskelione.lt\/index.php\/product\/zurnalas-kelione-2024-m-nr-i\/","title":{"rendered":"\u017durnalas \u201eKelion\u0117\u201c <br> 2024 m. Nr. I"},"content":{"rendered":"<p><img fetchpriority=\"high\" decoding=\"async\" class=\"alignnone wp-image-2165\" src=\"https:\/\/oldoriginal.zurnalaskelione.lt\/wp-content\/uploads\/2024\/02\/Ekrano-nuotrauka-2024-02-28-160149-300x199.png\" alt=\"\" width=\"1279\" height=\"848\" srcset=\"https:\/\/oldoriginal.zurnalaskelione.lt\/wp-content\/uploads\/2024\/02\/Ekrano-nuotrauka-2024-02-28-160149-300x199.png 300w, https:\/\/oldoriginal.zurnalaskelione.lt\/wp-content\/uploads\/2024\/02\/Ekrano-nuotrauka-2024-02-28-160149-1024x680.png 1024w, https:\/\/oldoriginal.zurnalaskelione.lt\/wp-content\/uploads\/2024\/02\/Ekrano-nuotrauka-2024-02-28-160149.png 1347w\" sizes=\"(max-width: 1279px) 100vw, 1279px\" \/><\/p>\n","protected":false},"excerpt":{"rendered":"<p>Naujame \u017eurnalo \u201eKelion\u0117\u201c numeryje kalbama apie vilties \u0161vies\u0105, pergalin\u010di\u0105 net tir\u0161\u010diausias tamsumas.<\/p>\n<p>\u017durnalo skaitytoj\u0173 laukia pokalbis su seserimi kardiologe Ligita Ryli\u0161kyte, kuri sako, kad medik\u0117s ir teolog\u0117s pa\u0161aukimai papildo vienas kit\u0105, su dainininku, muziku Linu Adomai\u010diu, pasak kurio, muzika yra dialogas. Taip pat su Vytaute, teigian\u010dia, kad darbuotis \u201eLobi\u0173 dirbtuv\u0117se\u201c su intelekto negali\u0105 turin\u010diais \u017emon\u0117mis yra dovana, ir su ukrainie\u010di\u0173 re\u017eisieriumi Ivanu Sautkinu, kuris pasakoja apie ma\u017eus, vos ap\u010diuopiamus vilties daigus karo fone ir primena, jog \u0161ypsena tamsiu metu yra aukso vert\u0117s.<\/p>\n<p>Be to, \u201eKelion\u0117je\u201c kalbama apie vaisingumo i\u0161\u0161\u016bkius \u0161eimoje ir sutuoktini\u0173, kurie negali susilaukti vaik\u0173 patirtis. Skiltyje \u201eSielogyda&#8221; \u2013 apie prasm\u0117s paie\u0161kas ir logoterapij\u0105.<\/p>\n<p>Dr. J\u016brat\u0117 Micevi\u010di\u016bt\u0117 skaitytojams pristato vilt\u012f kaip \u0161auk\u0161t\u0105 dangaus, jau ragaujam\u0105 \u0161ioje \u017eem\u0117je. Ra\u0161ytoja Agn\u0117 \u017dagrakalyt\u0117 pasakoja apie \u0161ventuosius ir j\u0173 slibinus (ar esate gird\u0117j\u0119 pasakojim\u0105 apie \u0161v. Mort\u0105 ir jos slibin\u0105?). Be to, skaitytojai \u017eurnale ras straipsn\u012f i\u0161 Valdo Mackelos lobyno \u2013 apie pop. Benedikt\u0105 XVI ir jo atsisveikinimo lai\u0161kus.<\/p>\n<p>&nbsp;<\/p>\n","protected":false},"featured_media":2154,"template":"","meta":{"jetpack_post_was_ever_published":false},"product_brand":[],"product_cat":[55],"product_tag":[],"class_list":{"0":"post-2153","1":"product","2":"type-product","3":"status-publish","4":"has-post-thumbnail","6":"product_cat-zurnalas","8":"first","9":"instock","10":"taxable","11":"shipping-taxable","12":"purchasable","13":"product-type-simple"},"aioseo_notices":[],"jetpack_sharing_enabled":true,"featured_media_urls":{"thumbnail":["https:\/\/oldoriginal.zurnalaskelione.lt\/wp-content\/uploads\/2024\/02\/Kelione_2024-i_virselis-150x150.jpg",150,150,true],"medium":["https:\/\/oldoriginal.zurnalaskelione.lt\/wp-content\/uploads\/2024\/02\/Kelione_2024-i_virselis-225x300.jpg",225,300,true],"medium_large":["https:\/\/oldoriginal.zurnalaskelione.lt\/wp-content\/uploads\/2024\/02\/Kelione_2024-i_virselis.jpg",768,1024,false],"large":["https:\/\/oldoriginal.zurnalaskelione.lt\/wp-content\/uploads\/2024\/02\/Kelione_2024-i_virselis-768x1024.jpg",768,1024,true],"1536x1536":["https:\/\/oldoriginal.zurnalaskelione.lt\/wp-content\/uploads\/2024\/02\/Kelione_2024-i_virselis-1152x1536.jpg",1152,1536,true],"2048x2048":["https:\/\/oldoriginal.zurnalaskelione.lt\/wp-content\/uploads\/2024\/02\/Kelione_2024-i_virselis-1536x2048.jpg",1536,2048,true],"inspiro-featured-image":["https:\/\/oldoriginal.zurnalaskelione.lt\/wp-content\/uploads\/2024\/02\/Kelione_2024-i_virselis.jpg",1600,2134,false],"inspiro-loop":["https:\/\/oldoriginal.zurnalaskelione.lt\/wp-content\/uploads\/2024\/02\/Kelione_2024-i_virselis-950x320.jpg",950,320,true],"inspiro-loop@2x":["https:\/\/oldoriginal.zurnalaskelione.lt\/wp-content\/uploads\/2024\/02\/Kelione_2024-i_virselis-1600x640.jpg",1600,640,true],"menu-24x24":["https:\/\/oldoriginal.zurnalaskelione.lt\/wp-content\/uploads\/2024\/02\/Kelione_2024-i_virselis-18x24.jpg",18,24,true],"menu-36x36":["https:\/\/oldoriginal.zurnalaskelione.lt\/wp-content\/uploads\/2024\/02\/Kelione_2024-i_virselis-27x36.jpg",27,36,true],"menu-48x48":["https:\/\/oldoriginal.zurnalaskelione.lt\/wp-content\/uploads\/2024\/02\/Kelione_2024-i_virselis-36x48.jpg",36,48,true],"woocommerce_thumbnail":["https:\/\/oldoriginal.zurnalaskelione.lt\/wp-content\/uploads\/2024\/02\/Kelione_2024-i_virselis-300x400.jpg",300,400,true],"woocommerce_single":["https:\/\/oldoriginal.zurnalaskelione.lt\/wp-content\/uploads\/2024\/02\/Kelione_2024-i_virselis-600x800.jpg",600,800,true],"woocommerce_gallery_thumbnail":["https:\/\/oldoriginal.zurnalaskelione.lt\/wp-content\/uploads\/2024\/02\/Kelione_2024-i_virselis-100x100.jpg",100,100,true],"portfolio_item-thumbnail":["https:\/\/oldoriginal.zurnalaskelione.lt\/wp-content\/uploads\/2024\/02\/Kelione_2024-i_virselis-600x400.jpg",600,400,true],"portfolio_item-thumbnail@2x":["https:\/\/oldoriginal.zurnalaskelione.lt\/wp-content\/uploads\/2024\/02\/Kelione_2024-i_virselis-1200x800.jpg",1200,800,true],"portfolio_item-masonry":["https:\/\/oldoriginal.zurnalaskelione.lt\/wp-content\/uploads\/2024\/02\/Kelione_2024-i_virselis-600x800.jpg",600,800,true],"portfolio_item-masonry@2x":["https:\/\/oldoriginal.zurnalaskelione.lt\/wp-content\/uploads\/2024\/02\/Kelione_2024-i_virselis-1200x1601.jpg",1200,1601,true],"portfolio_item-thumbnail_cinema":["https:\/\/oldoriginal.zurnalaskelione.lt\/wp-content\/uploads\/2024\/02\/Kelione_2024-i_virselis-800x335.jpg",800,335,true],"portfolio_item-thumbnail_portrait":["https:\/\/oldoriginal.zurnalaskelione.lt\/wp-content\/uploads\/2024\/02\/Kelione_2024-i_virselis-600x900.jpg",600,900,true],"portfolio_item-thumbnail_portrait@2x":["https:\/\/oldoriginal.zurnalaskelione.lt\/wp-content\/uploads\/2024\/02\/Kelione_2024-i_virselis-1200x1800.jpg",1200,1800,true],"portfolio_item-thumbnail_square":["https:\/\/oldoriginal.zurnalaskelione.lt\/wp-content\/uploads\/2024\/02\/Kelione_2024-i_virselis-800x800.jpg",800,800,true]},"_links":{"self":[{"href":"https:\/\/oldoriginal.zurnalaskelione.lt\/index.php\/wp-json\/wp\/v2\/product\/2153"}],"collection":[{"href":"https:\/\/oldoriginal.zurnalaskelione.lt\/index.php\/wp-json\/wp\/v2\/product"}],"about":[{"href":"https:\/\/oldoriginal.zurnalaskelione.lt\/index.php\/wp-json\/wp\/v2\/types\/product"}],"wp:featuredmedia":[{"embeddable":true,"href":"https:\/\/oldoriginal.zurnalaskelione.lt\/index.php\/wp-json\/wp\/v2\/media\/2154"}],"wp:attachment":[{"href":"https:\/\/oldoriginal.zurnalaskelione.lt\/index.php\/wp-json\/wp\/v2\/media?parent=2153"}],"wp:term":[{"taxonomy":"product_brand","embeddable":true,"href":"https:\/\/oldoriginal.zurnalaskelione.lt\/index.php\/wp-json\/wp\/v2\/product_brand?post=2153"},{"taxonomy":"product_cat","embeddable":true,"href":"https:\/\/oldoriginal.zurnalaskelione.lt\/index.php\/wp-json\/wp\/v2\/product_cat?post=2153"},{"taxonomy":"product_tag","embeddable":true,"href":"https:\/\/oldoriginal.zurnalaskelione.lt\/index.php\/wp-json\/wp\/v2\/product_tag?post=2153"}],"curies":[{"name":"wp","href":"https:\/\/api.w.org\/{rel}","templated":true}]}}