{"id":1890,"date":"2023-11-30T11:56:00","date_gmt":"2023-11-30T08:56:00","guid":{"rendered":"https:\/\/oldoriginal.zurnalaskelione.lt\/?post_type=product&#038;p=1890"},"modified":"2023-11-30T11:57:20","modified_gmt":"2023-11-30T08:57:20","slug":"remeju-prenumerata","status":"publish","type":"product","link":"https:\/\/oldoriginal.zurnalaskelione.lt\/index.php\/product\/remeju-prenumerata\/","title":{"rendered":"R\u0117m\u0117j\u0173 prenumerata"},"content":{"rendered":"<p>U\u017esisakykite \u201eR\u0117m\u0117j\u0173\u201c prenumerat\u0105 ir taip paremkite \u017eurnalo \u201eKelion\u0117\u201c leidyb\u0105!<\/p>\n<div class=\"col-12 text-justify\">2024 m. Jus pasieks keturi \u017eurnalo numeriai. Kiekviename j\u0173 \u2013 net 112 puslapi\u0173 gausiai iliustruot\u0173 verting\u0173 straipsni\u0173, pokalbi\u0173, susitikim\u0173 ir pasidalinim\u0173.<\/div>\n<div><\/div>\n<div class=\"col-12 text-justify\">\u201eKelion\u0117\u201c \u2013 tai ketvirtinis \u017eurnalas, skirtas ie\u0161kantiems \u012fkvepian\u010di\u0173 pokalbi\u0173 ir kasdienyb\u0119 \u012fprasminan\u010di\u0173 tekst\u0173 tik\u0117jimo, visuomen\u0117s, kult\u016bros, psichologijos ir kitomis temomis.<\/div>\n","protected":false},"excerpt":{"rendered":"<p>U\u017esisakykite \u201eR\u0117m\u0117j\u0173\u201c prenumerat\u0105 ir taip paremkite \u017eurnalo \u201eKelion\u0117\u201c leidyb\u0105!<\/p>\n<div class=\"col-12 text-justify\">2024 m. Jus pasieks keturi \u017eurnalo numeriai. Kiekviename j\u0173 \u2013 net 112 puslapi\u0173 gausiai iliustruot\u0173 verting\u0173 straipsni\u0173, pokalbi\u0173, susitikim\u0173 ir pasidalinim\u0173.<\/div>\n<div><\/div>\n<div><\/div>\n<div class=\"col-12 text-justify\">\u201eKelion\u0117\u201c \u2013 tai ketvirtinis \u017eurnalas, skirtas ie\u0161kantiems \u012fkvepian\u010di\u0173 pokalbi\u0173 ir kasdienyb\u0119 \u012fprasminan\u010di\u0173 tekst\u0173 tik\u0117jimo, visuomen\u0117s, kult\u016bros, psichologijos ir kitomis temomis.<\/div>\n","protected":false},"featured_media":1891,"template":"","meta":{"jetpack_post_was_ever_published":false},"product_brand":[],"product_cat":[15],"product_tag":[76,61],"class_list":{"0":"post-1890","1":"product","2":"type-product","3":"status-publish","4":"has-post-thumbnail","6":"product_cat-prenumerata","7":"product_tag-parama","8":"product_tag-prenumerata","10":"first","11":"instock","12":"virtual","13":"taxable","14":"purchasable","15":"product-type-simple"},"aioseo_notices":[],"jetpack_sharing_enabled":true,"featured_media_urls":{"thumbnail":["https:\/\/oldoriginal.zurnalaskelione.lt\/wp-content\/uploads\/2023\/11\/kelione-prenumerata-2024-8-150x150.png",150,150,true],"medium":["https:\/\/oldoriginal.zurnalaskelione.lt\/wp-content\/uploads\/2023\/11\/kelione-prenumerata-2024-8-233x300.png",233,300,true],"medium_large":["https:\/\/oldoriginal.zurnalaskelione.lt\/wp-content\/uploads\/2023\/11\/kelione-prenumerata-2024-8.png",768,987,false],"large":["https:\/\/oldoriginal.zurnalaskelione.lt\/wp-content\/uploads\/2023\/11\/kelione-prenumerata-2024-8-796x1024.png",796,1024,true],"1536x1536":["https:\/\/oldoriginal.zurnalaskelione.lt\/wp-content\/uploads\/2023\/11\/kelione-prenumerata-2024-8-1195x1536.png",1195,1536,true],"2048x2048":["https:\/\/oldoriginal.zurnalaskelione.lt\/wp-content\/uploads\/2023\/11\/kelione-prenumerata-2024-8.png",1260,1620,false],"inspiro-featured-image":["https:\/\/oldoriginal.zurnalaskelione.lt\/wp-content\/uploads\/2023\/11\/kelione-prenumerata-2024-8.png",1260,1620,false],"inspiro-loop":["https:\/\/oldoriginal.zurnalaskelione.lt\/wp-content\/uploads\/2023\/11\/kelione-prenumerata-2024-8-950x320.png",950,320,true],"inspiro-loop@2x":["https:\/\/oldoriginal.zurnalaskelione.lt\/wp-content\/uploads\/2023\/11\/kelione-prenumerata-2024-8-1260x640.png",1260,640,true],"menu-24x24":["https:\/\/oldoriginal.zurnalaskelione.lt\/wp-content\/uploads\/2023\/11\/kelione-prenumerata-2024-8-19x24.png",19,24,true],"menu-36x36":["https:\/\/oldoriginal.zurnalaskelione.lt\/wp-content\/uploads\/2023\/11\/kelione-prenumerata-2024-8-28x36.png",28,36,true],"menu-48x48":["https:\/\/oldoriginal.zurnalaskelione.lt\/wp-content\/uploads\/2023\/11\/kelione-prenumerata-2024-8-37x48.png",37,48,true],"woocommerce_thumbnail":["https:\/\/oldoriginal.zurnalaskelione.lt\/wp-content\/uploads\/2023\/11\/kelione-prenumerata-2024-8-300x386.png",300,386,true],"woocommerce_single":["https:\/\/oldoriginal.zurnalaskelione.lt\/wp-content\/uploads\/2023\/11\/kelione-prenumerata-2024-8-600x771.png",600,771,true],"woocommerce_gallery_thumbnail":["https:\/\/oldoriginal.zurnalaskelione.lt\/wp-content\/uploads\/2023\/11\/kelione-prenumerata-2024-8-100x100.png",100,100,true],"portfolio_item-thumbnail":["https:\/\/oldoriginal.zurnalaskelione.lt\/wp-content\/uploads\/2023\/11\/kelione-prenumerata-2024-8-600x400.png",600,400,true],"portfolio_item-thumbnail@2x":["https:\/\/oldoriginal.zurnalaskelione.lt\/wp-content\/uploads\/2023\/11\/kelione-prenumerata-2024-8-1200x800.png",1200,800,true],"portfolio_item-masonry":["https:\/\/oldoriginal.zurnalaskelione.lt\/wp-content\/uploads\/2023\/11\/kelione-prenumerata-2024-8-600x771.png",600,771,true],"portfolio_item-masonry@2x":["https:\/\/oldoriginal.zurnalaskelione.lt\/wp-content\/uploads\/2023\/11\/kelione-prenumerata-2024-8-1200x1543.png",1200,1543,true],"portfolio_item-thumbnail_cinema":["https:\/\/oldoriginal.zurnalaskelione.lt\/wp-content\/uploads\/2023\/11\/kelione-prenumerata-2024-8-800x335.png",800,335,true],"portfolio_item-thumbnail_portrait":["https:\/\/oldoriginal.zurnalaskelione.lt\/wp-content\/uploads\/2023\/11\/kelione-prenumerata-2024-8-600x900.png",600,900,true],"portfolio_item-thumbnail_portrait@2x":["https:\/\/oldoriginal.zurnalaskelione.lt\/wp-content\/uploads\/2023\/11\/kelione-prenumerata-2024-8-1200x1620.png",1200,1620,true],"portfolio_item-thumbnail_square":["https:\/\/oldoriginal.zurnalaskelione.lt\/wp-content\/uploads\/2023\/11\/kelione-prenumerata-2024-8-800x800.png",800,800,true]},"_links":{"self":[{"href":"https:\/\/oldoriginal.zurnalaskelione.lt\/index.php\/wp-json\/wp\/v2\/product\/1890"}],"collection":[{"href":"https:\/\/oldoriginal.zurnalaskelione.lt\/index.php\/wp-json\/wp\/v2\/product"}],"about":[{"href":"https:\/\/oldoriginal.zurnalaskelione.lt\/index.php\/wp-json\/wp\/v2\/types\/product"}],"wp:featuredmedia":[{"embeddable":true,"href":"https:\/\/oldoriginal.zurnalaskelione.lt\/index.php\/wp-json\/wp\/v2\/media\/1891"}],"wp:attachment":[{"href":"https:\/\/oldoriginal.zurnalaskelione.lt\/index.php\/wp-json\/wp\/v2\/media?parent=1890"}],"wp:term":[{"taxonomy":"product_brand","embeddable":true,"href":"https:\/\/oldoriginal.zurnalaskelione.lt\/index.php\/wp-json\/wp\/v2\/product_brand?post=1890"},{"taxonomy":"product_cat","embeddable":true,"href":"https:\/\/oldoriginal.zurnalaskelione.lt\/index.php\/wp-json\/wp\/v2\/product_cat?post=1890"},{"taxonomy":"product_tag","embeddable":true,"href":"https:\/\/oldoriginal.zurnalaskelione.lt\/index.php\/wp-json\/wp\/v2\/product_tag?post=1890"}],"curies":[{"name":"wp","href":"https:\/\/api.w.org\/{rel}","templated":true}]}}