{"id":1874,"date":"2023-11-21T11:38:23","date_gmt":"2023-11-21T08:38:23","guid":{"rendered":"https:\/\/oldoriginal.zurnalaskelione.lt\/?post_type=product&#038;p=1874"},"modified":"2023-11-21T11:41:34","modified_gmt":"2023-11-21T08:41:34","slug":"el-versijos-prenumerata","status":"publish","type":"product","link":"https:\/\/oldoriginal.zurnalaskelione.lt\/index.php\/product\/el-versijos-prenumerata\/","title":{"rendered":"El. versijos prenumerata"},"content":{"rendered":"<p>Prenumeruokite \u201eKelion\u0119\u201c, ir 2024 m. Jus J\u016bs\u0173 nurodytu el. pa\u0161tu pasieks keturi \u017eurnalo numeriai PDF formatu (kov\u0105, bir\u017eel\u012f, rugs\u0117j\u012f, gruod\u012f). Kiekviename j\u0173 \u2013 net 112 puslapi\u0173 gausiai iliustruot\u0173 verting\u0173 straipsni\u0173, pokalbi\u0173, susitikim\u0173 ir pasidalinim\u0173.<\/p>\n<div class=\"col-12 text-justify\">\u201eKelion\u0117\u201c \u2013 tai ketvirtinis \u017eurnalas, skirtas ie\u0161kantiems \u012fkvepian\u010di\u0173 pokalbi\u0173 ir kasdienyb\u0119 \u012fprasminan\u010di\u0173 tekst\u0173 tik\u0117jimo, visuomen\u0117s, kult\u016bros, psichologijos ir kitomis temomis.<\/div>\n","protected":false},"excerpt":{"rendered":"<p>Prenumeruokite \u201eKelion\u0119\u201c, ir 2024 m. Jus J\u016bs\u0173 nurodytu el. pa\u0161tu pasieks keturi \u017eurnalo numeriai PDF formatu (kov\u0105, bir\u017eel\u012f, rugs\u0117j\u012f, gruod\u012f). Kiekviename j\u0173 \u2013 net 112 puslapi\u0173 gausiai iliustruot\u0173 verting\u0173 straipsni\u0173, pokalbi\u0173, susitikim\u0173 ir pasidalinim\u0173.<\/p>\n<div class=\"col-12 text-justify\">\u201eKelion\u0117\u201c \u2013 tai ketvirtinis \u017eurnalas, skirtas ie\u0161kantiems \u012fkvepian\u010di\u0173 pokalbi\u0173 ir kasdienyb\u0119 \u012fprasminan\u010di\u0173 tekst\u0173 tik\u0117jimo, visuomen\u0117s, kult\u016bros, psichologijos ir kitomis temomis.<\/div>\n","protected":false},"featured_media":1876,"template":"","meta":{"jetpack_post_was_ever_published":false},"product_brand":[],"product_cat":[15],"product_tag":[61],"class_list":{"0":"post-1874","1":"product","2":"type-product","3":"status-publish","4":"has-post-thumbnail","6":"product_cat-prenumerata","7":"product_tag-prenumerata","9":"first","10":"instock","11":"virtual","12":"taxable","13":"purchasable","14":"product-type-simple"},"aioseo_notices":[],"jetpack_sharing_enabled":true,"featured_media_urls":{"thumbnail":["https:\/\/oldoriginal.zurnalaskelione.lt\/wp-content\/uploads\/2023\/11\/kelione-prenumerata-2024-6-150x150.png",150,150,true],"medium":["https:\/\/oldoriginal.zurnalaskelione.lt\/wp-content\/uploads\/2023\/11\/kelione-prenumerata-2024-6-233x300.png",233,300,true],"medium_large":["https:\/\/oldoriginal.zurnalaskelione.lt\/wp-content\/uploads\/2023\/11\/kelione-prenumerata-2024-6-768x987.png",768,987,true],"large":["https:\/\/oldoriginal.zurnalaskelione.lt\/wp-content\/uploads\/2023\/11\/kelione-prenumerata-2024-6-796x1024.png",796,1024,true],"1536x1536":["https:\/\/oldoriginal.zurnalaskelione.lt\/wp-content\/uploads\/2023\/11\/kelione-prenumerata-2024-6-1195x1536.png",1195,1536,true],"2048x2048":["https:\/\/oldoriginal.zurnalaskelione.lt\/wp-content\/uploads\/2023\/11\/kelione-prenumerata-2024-6.png",1260,1620,false],"inspiro-featured-image":["https:\/\/oldoriginal.zurnalaskelione.lt\/wp-content\/uploads\/2023\/11\/kelione-prenumerata-2024-6.png",1260,1620,false],"inspiro-loop":["https:\/\/oldoriginal.zurnalaskelione.lt\/wp-content\/uploads\/2023\/11\/kelione-prenumerata-2024-6-950x320.png",950,320,true],"inspiro-loop@2x":["https:\/\/oldoriginal.zurnalaskelione.lt\/wp-content\/uploads\/2023\/11\/kelione-prenumerata-2024-6-1260x640.png",1260,640,true],"menu-24x24":["https:\/\/oldoriginal.zurnalaskelione.lt\/wp-content\/uploads\/2023\/11\/kelione-prenumerata-2024-6-19x24.png",19,24,true],"menu-36x36":["https:\/\/oldoriginal.zurnalaskelione.lt\/wp-content\/uploads\/2023\/11\/kelione-prenumerata-2024-6-28x36.png",28,36,true],"menu-48x48":["https:\/\/oldoriginal.zurnalaskelione.lt\/wp-content\/uploads\/2023\/11\/kelione-prenumerata-2024-6-37x48.png",37,48,true],"woocommerce_thumbnail":["https:\/\/oldoriginal.zurnalaskelione.lt\/wp-content\/uploads\/2023\/11\/kelione-prenumerata-2024-6-300x386.png",300,386,true],"woocommerce_single":["https:\/\/oldoriginal.zurnalaskelione.lt\/wp-content\/uploads\/2023\/11\/kelione-prenumerata-2024-6-600x771.png",600,771,true],"woocommerce_gallery_thumbnail":["https:\/\/oldoriginal.zurnalaskelione.lt\/wp-content\/uploads\/2023\/11\/kelione-prenumerata-2024-6-100x100.png",100,100,true],"portfolio_item-thumbnail":["https:\/\/oldoriginal.zurnalaskelione.lt\/wp-content\/uploads\/2023\/11\/kelione-prenumerata-2024-6-600x400.png",600,400,true],"portfolio_item-thumbnail@2x":["https:\/\/oldoriginal.zurnalaskelione.lt\/wp-content\/uploads\/2023\/11\/kelione-prenumerata-2024-6-1200x800.png",1200,800,true],"portfolio_item-masonry":["https:\/\/oldoriginal.zurnalaskelione.lt\/wp-content\/uploads\/2023\/11\/kelione-prenumerata-2024-6-600x771.png",600,771,true],"portfolio_item-masonry@2x":["https:\/\/oldoriginal.zurnalaskelione.lt\/wp-content\/uploads\/2023\/11\/kelione-prenumerata-2024-6-1200x1543.png",1200,1543,true],"portfolio_item-thumbnail_cinema":["https:\/\/oldoriginal.zurnalaskelione.lt\/wp-content\/uploads\/2023\/11\/kelione-prenumerata-2024-6-800x335.png",800,335,true],"portfolio_item-thumbnail_portrait":["https:\/\/oldoriginal.zurnalaskelione.lt\/wp-content\/uploads\/2023\/11\/kelione-prenumerata-2024-6-600x900.png",600,900,true],"portfolio_item-thumbnail_portrait@2x":["https:\/\/oldoriginal.zurnalaskelione.lt\/wp-content\/uploads\/2023\/11\/kelione-prenumerata-2024-6-1200x1620.png",1200,1620,true],"portfolio_item-thumbnail_square":["https:\/\/oldoriginal.zurnalaskelione.lt\/wp-content\/uploads\/2023\/11\/kelione-prenumerata-2024-6-800x800.png",800,800,true]},"_links":{"self":[{"href":"https:\/\/oldoriginal.zurnalaskelione.lt\/index.php\/wp-json\/wp\/v2\/product\/1874"}],"collection":[{"href":"https:\/\/oldoriginal.zurnalaskelione.lt\/index.php\/wp-json\/wp\/v2\/product"}],"about":[{"href":"https:\/\/oldoriginal.zurnalaskelione.lt\/index.php\/wp-json\/wp\/v2\/types\/product"}],"wp:featuredmedia":[{"embeddable":true,"href":"https:\/\/oldoriginal.zurnalaskelione.lt\/index.php\/wp-json\/wp\/v2\/media\/1876"}],"wp:attachment":[{"href":"https:\/\/oldoriginal.zurnalaskelione.lt\/index.php\/wp-json\/wp\/v2\/media?parent=1874"}],"wp:term":[{"taxonomy":"product_brand","embeddable":true,"href":"https:\/\/oldoriginal.zurnalaskelione.lt\/index.php\/wp-json\/wp\/v2\/product_brand?post=1874"},{"taxonomy":"product_cat","embeddable":true,"href":"https:\/\/oldoriginal.zurnalaskelione.lt\/index.php\/wp-json\/wp\/v2\/product_cat?post=1874"},{"taxonomy":"product_tag","embeddable":true,"href":"https:\/\/oldoriginal.zurnalaskelione.lt\/index.php\/wp-json\/wp\/v2\/product_tag?post=1874"}],"curies":[{"name":"wp","href":"https:\/\/api.w.org\/{rel}","templated":true}]}}