{"id":1800,"date":"2023-09-18T12:07:15","date_gmt":"2023-09-18T09:07:15","guid":{"rendered":"https:\/\/oldoriginal.zurnalaskelione.lt\/?post_type=product&#038;p=1800"},"modified":"2023-11-21T11:50:35","modified_gmt":"2023-11-21T08:50:35","slug":"zurnalas-kelione-2022-m-nr-ii","status":"publish","type":"product","link":"https:\/\/oldoriginal.zurnalaskelione.lt\/index.php\/product\/zurnalas-kelione-2022-m-nr-ii\/","title":{"rendered":"\u017durnalas \u201eKelion\u0117\u201c <br> 2022 m. Nr. II"},"content":{"rendered":"<p>Mus lydi klausimai: kaip b\u016bti \u0161iandien? Kaip atsakyti klausiantiems: \u201eKur dabar yra tavo Dievas?\u201c Kaip i\u0161\u0161\u016bki\u0173 akivaizdoje priimti teisingus sprendimus? Apie tai \u017eurnale kalba kun. K\u0119stutis Dvareckas, prof. ses. Ligita Ryli\u0161kyt\u0117, ra\u0161ytoja Renata \u0160erelyt\u0117, kun. Ar\u016bnas Jankauskis ir kt. \u201eNutylimoje temoje\u201c pasakojama apie pykt\u012f kare, palie\u010diant\u012f ne tik fronte esan\u010dius \u2013 juk po\u017ei\u016bris \u012f kar\u0105 atv\u0117r\u0117 \u012ftampas ne vienoje \u0161eimoje, bendruomen\u0117je&#8230;<\/p>\n<p>Skiltyje \u201eAsmenyb\u0117\u201c publikuotas i\u0161samus pokalbis su literat\u016brologe profesore Viktorija Daujotyte, kuri dalinasi savo gyvenimo kelion\u0117s patirtimis. Profesor\u0117, kaip vien\u0105 i\u0161 autoritet\u0173, prisimena mons. Kazimier\u0105 Vasiliausk\u0105. Paklausta, k\u0105 \u0161iandien pasakyt\u0173 monsinjoras, V. Daujotyt\u0117 atsako: \u201eJis pasakyt\u0173 <em>Slava Ukraini<\/em><em>! <\/em>Ir a\u0161 jam atsaky\u010diau \u2013 <em>Heroyam slava<\/em>!\u201c<\/p>\n<p>Be to, \u017eurnale skaitytojai ras teologo Valdo Mackelos straipsn\u012f apie J\u0117zaus \u0160ird\u012f, pavadint\u0105 \u201eDievyb\u0117s pilnatv\u0117 ir tikrojo Gralio paslaptis\u201c, kun. Mindaugo Malinausko, SJ patarimus, kaip vaisingiau melstis, adoruojant \u0160v\u010d. Sakrament\u0105, dr. J\u016brat\u0117s Micevi\u010di\u016bt\u0117s straipsn\u012f apie m\u016bs\u0173 mirtingumo realyb\u0119, i\u0161sam\u0173 pasakojim\u0105 apie \u0161ventosios kovotojos \u017danos d\u2018Ark gyvenim\u0105 bei daugyb\u0119 kit\u0173 verting\u0173 tekst\u0173.<\/p>\n","protected":false},"excerpt":{"rendered":"<p><strong>D\u0117mesio! Prek\u0117 su vir\u0161elio defektu.<\/strong><\/p>\n<p>Mus lydi klausimai: kaip b\u016bti \u0161iandien? Kaip atsakyti klausiantiems: \u201eKur dabar yra tavo Dievas?\u201c Kaip i\u0161\u0161\u016bki\u0173 akivaizdoje priimti teisingus sprendimus? Apie tai \u017eurnale kalba kun. K\u0119stutis Dvareckas, prof. ses. Ligita Ryli\u0161kyt\u0117, ra\u0161ytoja Renata \u0160erelyt\u0117, kun. Ar\u016bnas Jankauskis ir kt. \u201eNutylimoje temoje\u201c pasakojama apie pykt\u012f kare, palie\u010diant\u012f ne tik fronte esan\u010dius \u2013 juk po\u017ei\u016bris \u012f kar\u0105 atv\u0117r\u0117 \u012ftampas ne vienoje \u0161eimoje, bendruomen\u0117je&#8230;<\/p>\n","protected":false},"featured_media":1801,"template":"","meta":{"jetpack_post_was_ever_published":false},"product_brand":[],"product_cat":[55],"product_tag":[72,68,71,69,70],"class_list":{"0":"post-1800","1":"product","2":"type-product","3":"status-publish","4":"has-post-thumbnail","6":"product_cat-zurnalas","7":"product_tag-adoracija","8":"product_tag-daujotyte","9":"product_tag-jankauskis","10":"product_tag-karas","11":"product_tag-serelyte","13":"first","14":"outofstock","15":"taxable","16":"shipping-taxable","17":"purchasable","18":"product-type-simple"},"aioseo_notices":[],"jetpack_sharing_enabled":true,"featured_media_urls":{"thumbnail":["https:\/\/oldoriginal.zurnalaskelione.lt\/wp-content\/uploads\/2023\/09\/VIRSELIS-2022-ii-1-600x800-1-150x150.jpg",150,150,true],"medium":["https:\/\/oldoriginal.zurnalaskelione.lt\/wp-content\/uploads\/2023\/09\/VIRSELIS-2022-ii-1-600x800-1-225x300.jpg",225,300,true],"medium_large":["https:\/\/oldoriginal.zurnalaskelione.lt\/wp-content\/uploads\/2023\/09\/VIRSELIS-2022-ii-1-600x800-1.jpg",600,800,false],"large":["https:\/\/oldoriginal.zurnalaskelione.lt\/wp-content\/uploads\/2023\/09\/VIRSELIS-2022-ii-1-600x800-1.jpg",600,800,false],"1536x1536":["https:\/\/oldoriginal.zurnalaskelione.lt\/wp-content\/uploads\/2023\/09\/VIRSELIS-2022-ii-1-600x800-1.jpg",600,800,false],"2048x2048":["https:\/\/oldoriginal.zurnalaskelione.lt\/wp-content\/uploads\/2023\/09\/VIRSELIS-2022-ii-1-600x800-1.jpg",600,800,false],"inspiro-featured-image":["https:\/\/oldoriginal.zurnalaskelione.lt\/wp-content\/uploads\/2023\/09\/VIRSELIS-2022-ii-1-600x800-1.jpg",600,800,false],"inspiro-loop":["https:\/\/oldoriginal.zurnalaskelione.lt\/wp-content\/uploads\/2023\/09\/VIRSELIS-2022-ii-1-600x800-1-600x320.jpg",600,320,true],"inspiro-loop@2x":["https:\/\/oldoriginal.zurnalaskelione.lt\/wp-content\/uploads\/2023\/09\/VIRSELIS-2022-ii-1-600x800-1-600x640.jpg",600,640,true],"menu-24x24":["https:\/\/oldoriginal.zurnalaskelione.lt\/wp-content\/uploads\/2023\/09\/VIRSELIS-2022-ii-1-600x800-1-18x24.jpg",18,24,true],"menu-36x36":["https:\/\/oldoriginal.zurnalaskelione.lt\/wp-content\/uploads\/2023\/09\/VIRSELIS-2022-ii-1-600x800-1-27x36.jpg",27,36,true],"menu-48x48":["https:\/\/oldoriginal.zurnalaskelione.lt\/wp-content\/uploads\/2023\/09\/VIRSELIS-2022-ii-1-600x800-1-36x48.jpg",36,48,true],"woocommerce_thumbnail":["https:\/\/oldoriginal.zurnalaskelione.lt\/wp-content\/uploads\/2023\/09\/VIRSELIS-2022-ii-1-600x800-1-300x400.jpg",300,400,true],"woocommerce_single":["https:\/\/oldoriginal.zurnalaskelione.lt\/wp-content\/uploads\/2023\/09\/VIRSELIS-2022-ii-1-600x800-1.jpg",600,800,false],"woocommerce_gallery_thumbnail":["https:\/\/oldoriginal.zurnalaskelione.lt\/wp-content\/uploads\/2023\/09\/VIRSELIS-2022-ii-1-600x800-1-100x100.jpg",100,100,true],"portfolio_item-thumbnail":["https:\/\/oldoriginal.zurnalaskelione.lt\/wp-content\/uploads\/2023\/09\/VIRSELIS-2022-ii-1-600x800-1-600x400.jpg",600,400,true],"portfolio_item-thumbnail@2x":["https:\/\/oldoriginal.zurnalaskelione.lt\/wp-content\/uploads\/2023\/09\/VIRSELIS-2022-ii-1-600x800-1.jpg",600,800,false],"portfolio_item-masonry":["https:\/\/oldoriginal.zurnalaskelione.lt\/wp-content\/uploads\/2023\/09\/VIRSELIS-2022-ii-1-600x800-1.jpg",600,800,false],"portfolio_item-masonry@2x":["https:\/\/oldoriginal.zurnalaskelione.lt\/wp-content\/uploads\/2023\/09\/VIRSELIS-2022-ii-1-600x800-1.jpg",600,800,false],"portfolio_item-thumbnail_cinema":["https:\/\/oldoriginal.zurnalaskelione.lt\/wp-content\/uploads\/2023\/09\/VIRSELIS-2022-ii-1-600x800-1-600x335.jpg",600,335,true],"portfolio_item-thumbnail_portrait":["https:\/\/oldoriginal.zurnalaskelione.lt\/wp-content\/uploads\/2023\/09\/VIRSELIS-2022-ii-1-600x800-1.jpg",600,800,false],"portfolio_item-thumbnail_portrait@2x":["https:\/\/oldoriginal.zurnalaskelione.lt\/wp-content\/uploads\/2023\/09\/VIRSELIS-2022-ii-1-600x800-1.jpg",600,800,false],"portfolio_item-thumbnail_square":["https:\/\/oldoriginal.zurnalaskelione.lt\/wp-content\/uploads\/2023\/09\/VIRSELIS-2022-ii-1-600x800-1.jpg",600,800,false]},"_links":{"self":[{"href":"https:\/\/oldoriginal.zurnalaskelione.lt\/index.php\/wp-json\/wp\/v2\/product\/1800"}],"collection":[{"href":"https:\/\/oldoriginal.zurnalaskelione.lt\/index.php\/wp-json\/wp\/v2\/product"}],"about":[{"href":"https:\/\/oldoriginal.zurnalaskelione.lt\/index.php\/wp-json\/wp\/v2\/types\/product"}],"wp:featuredmedia":[{"embeddable":true,"href":"https:\/\/oldoriginal.zurnalaskelione.lt\/index.php\/wp-json\/wp\/v2\/media\/1801"}],"wp:attachment":[{"href":"https:\/\/oldoriginal.zurnalaskelione.lt\/index.php\/wp-json\/wp\/v2\/media?parent=1800"}],"wp:term":[{"taxonomy":"product_brand","embeddable":true,"href":"https:\/\/oldoriginal.zurnalaskelione.lt\/index.php\/wp-json\/wp\/v2\/product_brand?post=1800"},{"taxonomy":"product_cat","embeddable":true,"href":"https:\/\/oldoriginal.zurnalaskelione.lt\/index.php\/wp-json\/wp\/v2\/product_cat?post=1800"},{"taxonomy":"product_tag","embeddable":true,"href":"https:\/\/oldoriginal.zurnalaskelione.lt\/index.php\/wp-json\/wp\/v2\/product_tag?post=1800"}],"curies":[{"name":"wp","href":"https:\/\/api.w.org\/{rel}","templated":true}]}}