{"id":1758,"date":"2023-09-18T14:16:49","date_gmt":"2023-09-18T11:16:49","guid":{"rendered":"https:\/\/oldoriginal.zurnalaskelione.lt\/?post_type=product&#038;p=1758"},"modified":"2024-06-17T13:08:18","modified_gmt":"2024-06-17T10:08:18","slug":"zurnalas-kelione-2023-m-nr-iii","status":"publish","type":"product","link":"https:\/\/oldoriginal.zurnalaskelione.lt\/index.php\/product\/zurnalas-kelione-2023-m-nr-iii\/","title":{"rendered":"\u017durnalas \u201eKelion\u0117\u201c<br>2023 m. Nr. III"},"content":{"rendered":"<p>Kertin\u0117 naujojo \u017eurnalo \u201eKelion\u0117\u201c numerio tema \u2013 k\u016bnas ir k\u016bni\u0161kumas. Kaip priimti savo k\u016bn\u0105? I\u0161 kur atsiranda neapykanta k\u016bnui ir toks nenat\u016bralus elgesys, kaip savi\u017eala? Kaip savo k\u016bn\u0105 priima mamos, per kurias \u0161i dovana ateina pasaulin? O k\u0105 galime pasakyti apie k\u016bn\u0105, kur\u012f jau apleido gyvyb\u0117? Kaip parodyti jam tinkam\u0105 pagarb\u0105 ir i\u0161lyd\u0117ti d\u0117kingai? Dar daugiau \u2013 kuo k\u016bnas mums bus svarbus am\u017einyb\u0117je? Apie visa tai \u2013 nema\u017ea puiki\u0173 autori\u0173 tekst\u0173 ir pokalbi\u0173.<\/p>\n<p>Be to, \u017eurnale skaitytoj\u0173 laukia kun. Jok\u016bbo Marijos Go\u0161tauto, OP tekstas apie Ba\u017eny\u010dios atsinaujinim\u0105, straipsnis apie \u201eMa\u017eosios studijos\u201c istorij\u0105 ir gyvavim\u0105, trunkant\u012f jau\u00a030 met\u0173, ra\u0161ytojos Agn\u0117s \u017dagrakalyt\u0117s pasakojimas apie \u0161v. Julij\u0105 Bijar ir Nami\u016bro Dievo Motinos seseris, j\u0117zuito Mindaugo Malinausko perduotas \u017evilgsnis \u012f Evangelij\u0105 i\u0161 pauk\u0161\u010dio skryd\u017eio ir, \u017einoma, susitikimai. Pokalbis su ra\u0161ytoju Audriumi Ska\u010dkausku, per\u0117jusiu savo gyvenimo pragarus ir dabar gyvenan\u010diu nauj\u0105 gyvenim\u0105, Indre Gruodiene, Naujojo Daug\u0117li\u0161kio bendruomen\u0117s pirmininke, pamilusia gyvenim\u0105 kaime,\u00a0ir kun. Vaidotu Laba\u0161ausku \u2013 Prien\u0173 parapijos klebonu, teigian\u010diu, kad be Vie\u0161paties jis teb\u016bt\u0173 funkcionierius.<\/p>\n<p>\u0160ie ir kiti vertingi tekstai skaitytoj\u0173 laukia \u017eurnale \u201eKelion\u0117\u201c.<\/p>\n","protected":false},"excerpt":{"rendered":"<p>Kertin\u0117 naujojo \u017eurnalo \u201eKelion\u0117\u201c numerio tema \u2013 k\u016bnas ir k\u016bni\u0161kumas. Kaip priimti savo k\u016bn\u0105? I\u0161 kur atsiranda neapykanta k\u016bnui ir toks nenat\u016bralus elgesys, kaip savi\u017eala? Kaip savo k\u016bn\u0105 priima mamos, per kurias \u0161i dovana ateina pasaulin? O k\u0105 galime pasakyti apie k\u016bn\u0105, kur\u012f jau apleido gyvyb\u0117? Kaip parodyti jam tinkam\u0105 pagarb\u0105 ir i\u0161lyd\u0117ti d\u0117kingai? Dar daugiau \u2013 kuo k\u016bnas mums bus svarbus am\u017einyb\u0117je? Apie visa tai \u2013 nema\u017ea puiki\u0173 autori\u0173 tekst\u0173 ir pokalbi\u0173.<\/p>\n","protected":false},"featured_media":1719,"template":"","meta":{"jetpack_post_was_ever_published":false},"product_brand":[],"product_cat":[55],"product_tag":[62,64,63],"class_list":{"0":"post-1758","1":"product","2":"type-product","3":"status-publish","4":"has-post-thumbnail","6":"product_cat-zurnalas","7":"product_tag-kelione","8":"product_tag-kunas","9":"product_tag-ruduo","11":"first","12":"outofstock","13":"taxable","14":"shipping-taxable","15":"purchasable","16":"product-type-simple"},"aioseo_notices":[],"jetpack_sharing_enabled":true,"featured_media_urls":{"thumbnail":["https:\/\/oldoriginal.zurnalaskelione.lt\/wp-content\/uploads\/2023\/09\/Kelione_2023-iii_virselis-150x150.jpg",150,150,true],"medium":["https:\/\/oldoriginal.zurnalaskelione.lt\/wp-content\/uploads\/2023\/09\/Kelione_2023-iii_virselis-225x300.jpg",225,300,true],"medium_large":["https:\/\/oldoriginal.zurnalaskelione.lt\/wp-content\/uploads\/2023\/09\/Kelione_2023-iii_virselis-768x1024.jpg",768,1024,true],"large":["https:\/\/oldoriginal.zurnalaskelione.lt\/wp-content\/uploads\/2023\/09\/Kelione_2023-iii_virselis-768x1024.jpg",768,1024,true],"1536x1536":["https:\/\/oldoriginal.zurnalaskelione.lt\/wp-content\/uploads\/2023\/09\/Kelione_2023-iii_virselis-1152x1536.jpg",1152,1536,true],"2048x2048":["https:\/\/oldoriginal.zurnalaskelione.lt\/wp-content\/uploads\/2023\/09\/Kelione_2023-iii_virselis-1536x2048.jpg",1536,2048,true],"inspiro-featured-image":["https:\/\/oldoriginal.zurnalaskelione.lt\/wp-content\/uploads\/2023\/09\/Kelione_2023-iii_virselis.jpg",1600,2134,false],"inspiro-loop":["https:\/\/oldoriginal.zurnalaskelione.lt\/wp-content\/uploads\/2023\/09\/Kelione_2023-iii_virselis-950x320.jpg",950,320,true],"inspiro-loop@2x":["https:\/\/oldoriginal.zurnalaskelione.lt\/wp-content\/uploads\/2023\/09\/Kelione_2023-iii_virselis-1600x640.jpg",1600,640,true],"menu-24x24":["https:\/\/oldoriginal.zurnalaskelione.lt\/wp-content\/uploads\/2023\/09\/Kelione_2023-iii_virselis-18x24.jpg",18,24,true],"menu-36x36":["https:\/\/oldoriginal.zurnalaskelione.lt\/wp-content\/uploads\/2023\/09\/Kelione_2023-iii_virselis-27x36.jpg",27,36,true],"menu-48x48":["https:\/\/oldoriginal.zurnalaskelione.lt\/wp-content\/uploads\/2023\/09\/Kelione_2023-iii_virselis-36x48.jpg",36,48,true],"woocommerce_thumbnail":["https:\/\/oldoriginal.zurnalaskelione.lt\/wp-content\/uploads\/2023\/09\/Kelione_2023-iii_virselis-300x400.jpg",300,400,true],"woocommerce_single":["https:\/\/oldoriginal.zurnalaskelione.lt\/wp-content\/uploads\/2023\/09\/Kelione_2023-iii_virselis-600x800.jpg",600,800,true],"woocommerce_gallery_thumbnail":["https:\/\/oldoriginal.zurnalaskelione.lt\/wp-content\/uploads\/2023\/09\/Kelione_2023-iii_virselis-100x100.jpg",100,100,true],"portfolio_item-thumbnail":["https:\/\/oldoriginal.zurnalaskelione.lt\/wp-content\/uploads\/2023\/09\/Kelione_2023-iii_virselis-600x400.jpg",600,400,true],"portfolio_item-thumbnail@2x":["https:\/\/oldoriginal.zurnalaskelione.lt\/wp-content\/uploads\/2023\/09\/Kelione_2023-iii_virselis-1200x800.jpg",1200,800,true],"portfolio_item-masonry":["https:\/\/oldoriginal.zurnalaskelione.lt\/wp-content\/uploads\/2023\/09\/Kelione_2023-iii_virselis-600x800.jpg",600,800,true],"portfolio_item-masonry@2x":["https:\/\/oldoriginal.zurnalaskelione.lt\/wp-content\/uploads\/2023\/09\/Kelione_2023-iii_virselis-1200x1601.jpg",1200,1601,true],"portfolio_item-thumbnail_cinema":["https:\/\/oldoriginal.zurnalaskelione.lt\/wp-content\/uploads\/2023\/09\/Kelione_2023-iii_virselis-800x335.jpg",800,335,true],"portfolio_item-thumbnail_portrait":["https:\/\/oldoriginal.zurnalaskelione.lt\/wp-content\/uploads\/2023\/09\/Kelione_2023-iii_virselis-600x900.jpg",600,900,true],"portfolio_item-thumbnail_portrait@2x":["https:\/\/oldoriginal.zurnalaskelione.lt\/wp-content\/uploads\/2023\/09\/Kelione_2023-iii_virselis-1200x1800.jpg",1200,1800,true],"portfolio_item-thumbnail_square":["https:\/\/oldoriginal.zurnalaskelione.lt\/wp-content\/uploads\/2023\/09\/Kelione_2023-iii_virselis-800x800.jpg",800,800,true]},"_links":{"self":[{"href":"https:\/\/oldoriginal.zurnalaskelione.lt\/index.php\/wp-json\/wp\/v2\/product\/1758"}],"collection":[{"href":"https:\/\/oldoriginal.zurnalaskelione.lt\/index.php\/wp-json\/wp\/v2\/product"}],"about":[{"href":"https:\/\/oldoriginal.zurnalaskelione.lt\/index.php\/wp-json\/wp\/v2\/types\/product"}],"wp:featuredmedia":[{"embeddable":true,"href":"https:\/\/oldoriginal.zurnalaskelione.lt\/index.php\/wp-json\/wp\/v2\/media\/1719"}],"wp:attachment":[{"href":"https:\/\/oldoriginal.zurnalaskelione.lt\/index.php\/wp-json\/wp\/v2\/media?parent=1758"}],"wp:term":[{"taxonomy":"product_brand","embeddable":true,"href":"https:\/\/oldoriginal.zurnalaskelione.lt\/index.php\/wp-json\/wp\/v2\/product_brand?post=1758"},{"taxonomy":"product_cat","embeddable":true,"href":"https:\/\/oldoriginal.zurnalaskelione.lt\/index.php\/wp-json\/wp\/v2\/product_cat?post=1758"},{"taxonomy":"product_tag","embeddable":true,"href":"https:\/\/oldoriginal.zurnalaskelione.lt\/index.php\/wp-json\/wp\/v2\/product_tag?post=1758"}],"curies":[{"name":"wp","href":"https:\/\/api.w.org\/{rel}","templated":true}]}}