{"id":1755,"date":"2023-09-18T14:15:29","date_gmt":"2023-09-18T11:15:29","guid":{"rendered":"https:\/\/oldoriginal.zurnalaskelione.lt\/?post_type=product&#038;p=1755"},"modified":"2024-08-14T21:05:59","modified_gmt":"2024-08-14T18:05:59","slug":"zurnalas-kelione-2023-m-nr-ii","status":"publish","type":"product","link":"https:\/\/oldoriginal.zurnalaskelione.lt\/index.php\/product\/zurnalas-kelione-2023-m-nr-ii\/","title":{"rendered":"\u017durnalas \u201eKelion\u0117\u201c<br>2023 m. Nr. II"},"content":{"rendered":"<p>Naujasis\u00a0 \u201eKelion\u0117s\u201c numeris \u2013 bi\u010diuli\u0161kas pasidalinimas kelyje atsiv\u0117rusiais susitikimais. \u010cia susitinkame su ra\u0161ytoja Laura Sintija \u010cerniauskaite, ukrainie\u010di\u0173 menininkais \u2013 sen\u0173j\u0173 rankra\u0161\u010di\u0173 restauratore Olena Sagayda ir skupt\u016bros meistru Andrejumi Iljinskiu. Su teologais Karlu Rahneriu, seserimi Ligita, mums primenan\u010diais apie \u0160ventosios Dvasios veikim\u0105 kasdienyb\u0117je.<\/p>\n<p>Susitinkame ir su Laima, kuri pasakoja apie \u017eirg\u0173 terapij\u0105, su Donatu, besidalijan\u010diu savanoryst\u0117s liejant apkas\u0173 \u017evakes patirtimis, su Vilija Tauraite, pasakojan\u010dia apie verslo principus \u0161vent\u0173j\u0173 gyvenimuose. Susitinkame su Kata\u017eina, kuriai s\u0117kming\u0105 vestuvini\u0173 sukneli\u0173 versl\u0105 teko i\u0161keisti \u012f ligos patal\u0105, su Stasiu Katausku, pasakojan\u010diu apie pokalbius su ukrainie\u010diais, Olandijoje beskinant tulpes\u2026\u00a0Susitinkame su daugybe kit\u0173 ypating\u0173 \u017emoni\u0173 ypatinguose j\u0173 gyvenimo vingiuose.<\/p>\n<p>Susitinkame, kad atpa\u017eintum\u0117me tarp m\u016bs\u0173 esant\u012f Prisik\u0117lus\u012fj\u012f ir save pa\u010dius naujai sutiktum\u0117m Kito akivaizdoje.<\/p>\n","protected":false},"excerpt":{"rendered":"<p>Naujasis\u00a0 \u201eKelion\u0117s\u201c numeris \u2013 bi\u010diuli\u0161kas pasidalinimas kelyje atsiv\u0117rusiais susitikimais. \u010cia susitinkame su ra\u0161ytoja Laura Sintija \u010cerniauskaite, ukrainie\u010di\u0173 menininkais \u2013 sen\u0173j\u0173 rankra\u0161\u010di\u0173 restauratore Olena Sagayda ir skupt\u016bros meistru Andrejumi Iljinskiu. Su teologais Karlu Rahneriu, seserimi Ligita, mums primenan\u010diais apie \u0160ventosios Dvasios veikim\u0105 kasdienyb\u0117je.<\/p>\n","protected":false},"featured_media":1756,"template":"","meta":{"jetpack_post_was_ever_published":false},"product_brand":[],"product_cat":[55],"product_tag":[],"class_list":{"0":"post-1755","1":"product","2":"type-product","3":"status-publish","4":"has-post-thumbnail","6":"product_cat-zurnalas","8":"first","9":"outofstock","10":"taxable","11":"shipping-taxable","12":"purchasable","13":"product-type-simple"},"aioseo_notices":[],"jetpack_sharing_enabled":true,"featured_media_urls":{"thumbnail":["https:\/\/oldoriginal.zurnalaskelione.lt\/wp-content\/uploads\/2023\/09\/Kelione-26_virselis-800x1067-1-150x150.jpg",150,150,true],"medium":["https:\/\/oldoriginal.zurnalaskelione.lt\/wp-content\/uploads\/2023\/09\/Kelione-26_virselis-800x1067-1-225x300.jpg",225,300,true],"medium_large":["https:\/\/oldoriginal.zurnalaskelione.lt\/wp-content\/uploads\/2023\/09\/Kelione-26_virselis-800x1067-1-768x1024.jpg",768,1024,true],"large":["https:\/\/oldoriginal.zurnalaskelione.lt\/wp-content\/uploads\/2023\/09\/Kelione-26_virselis-800x1067-1-768x1024.jpg",768,1024,true],"1536x1536":["https:\/\/oldoriginal.zurnalaskelione.lt\/wp-content\/uploads\/2023\/09\/Kelione-26_virselis-800x1067-1.jpg",800,1067,false],"2048x2048":["https:\/\/oldoriginal.zurnalaskelione.lt\/wp-content\/uploads\/2023\/09\/Kelione-26_virselis-800x1067-1.jpg",800,1067,false],"inspiro-featured-image":["https:\/\/oldoriginal.zurnalaskelione.lt\/wp-content\/uploads\/2023\/09\/Kelione-26_virselis-800x1067-1.jpg",800,1067,false],"inspiro-loop":["https:\/\/oldoriginal.zurnalaskelione.lt\/wp-content\/uploads\/2023\/09\/Kelione-26_virselis-800x1067-1-800x320.jpg",800,320,true],"inspiro-loop@2x":["https:\/\/oldoriginal.zurnalaskelione.lt\/wp-content\/uploads\/2023\/09\/Kelione-26_virselis-800x1067-1-800x640.jpg",800,640,true],"menu-24x24":["https:\/\/oldoriginal.zurnalaskelione.lt\/wp-content\/uploads\/2023\/09\/Kelione-26_virselis-800x1067-1-18x24.jpg",18,24,true],"menu-36x36":["https:\/\/oldoriginal.zurnalaskelione.lt\/wp-content\/uploads\/2023\/09\/Kelione-26_virselis-800x1067-1-27x36.jpg",27,36,true],"menu-48x48":["https:\/\/oldoriginal.zurnalaskelione.lt\/wp-content\/uploads\/2023\/09\/Kelione-26_virselis-800x1067-1-36x48.jpg",36,48,true],"woocommerce_thumbnail":["https:\/\/oldoriginal.zurnalaskelione.lt\/wp-content\/uploads\/2023\/09\/Kelione-26_virselis-800x1067-1-300x400.jpg",300,400,true],"woocommerce_single":["https:\/\/oldoriginal.zurnalaskelione.lt\/wp-content\/uploads\/2023\/09\/Kelione-26_virselis-800x1067-1-600x800.jpg",600,800,true],"woocommerce_gallery_thumbnail":["https:\/\/oldoriginal.zurnalaskelione.lt\/wp-content\/uploads\/2023\/09\/Kelione-26_virselis-800x1067-1-100x100.jpg",100,100,true],"portfolio_item-thumbnail":["https:\/\/oldoriginal.zurnalaskelione.lt\/wp-content\/uploads\/2023\/09\/Kelione-26_virselis-800x1067-1-600x400.jpg",600,400,true],"portfolio_item-thumbnail@2x":["https:\/\/oldoriginal.zurnalaskelione.lt\/wp-content\/uploads\/2023\/09\/Kelione-26_virselis-800x1067-1-800x800.jpg",800,800,true],"portfolio_item-masonry":["https:\/\/oldoriginal.zurnalaskelione.lt\/wp-content\/uploads\/2023\/09\/Kelione-26_virselis-800x1067-1-600x800.jpg",600,800,true],"portfolio_item-masonry@2x":["https:\/\/oldoriginal.zurnalaskelione.lt\/wp-content\/uploads\/2023\/09\/Kelione-26_virselis-800x1067-1.jpg",800,1067,false],"portfolio_item-thumbnail_cinema":["https:\/\/oldoriginal.zurnalaskelione.lt\/wp-content\/uploads\/2023\/09\/Kelione-26_virselis-800x1067-1-800x335.jpg",800,335,true],"portfolio_item-thumbnail_portrait":["https:\/\/oldoriginal.zurnalaskelione.lt\/wp-content\/uploads\/2023\/09\/Kelione-26_virselis-800x1067-1-600x900.jpg",600,900,true],"portfolio_item-thumbnail_portrait@2x":["https:\/\/oldoriginal.zurnalaskelione.lt\/wp-content\/uploads\/2023\/09\/Kelione-26_virselis-800x1067-1.jpg",800,1067,false],"portfolio_item-thumbnail_square":["https:\/\/oldoriginal.zurnalaskelione.lt\/wp-content\/uploads\/2023\/09\/Kelione-26_virselis-800x1067-1-800x800.jpg",800,800,true]},"_links":{"self":[{"href":"https:\/\/oldoriginal.zurnalaskelione.lt\/index.php\/wp-json\/wp\/v2\/product\/1755"}],"collection":[{"href":"https:\/\/oldoriginal.zurnalaskelione.lt\/index.php\/wp-json\/wp\/v2\/product"}],"about":[{"href":"https:\/\/oldoriginal.zurnalaskelione.lt\/index.php\/wp-json\/wp\/v2\/types\/product"}],"wp:featuredmedia":[{"embeddable":true,"href":"https:\/\/oldoriginal.zurnalaskelione.lt\/index.php\/wp-json\/wp\/v2\/media\/1756"}],"wp:attachment":[{"href":"https:\/\/oldoriginal.zurnalaskelione.lt\/index.php\/wp-json\/wp\/v2\/media?parent=1755"}],"wp:term":[{"taxonomy":"product_brand","embeddable":true,"href":"https:\/\/oldoriginal.zurnalaskelione.lt\/index.php\/wp-json\/wp\/v2\/product_brand?post=1755"},{"taxonomy":"product_cat","embeddable":true,"href":"https:\/\/oldoriginal.zurnalaskelione.lt\/index.php\/wp-json\/wp\/v2\/product_cat?post=1755"},{"taxonomy":"product_tag","embeddable":true,"href":"https:\/\/oldoriginal.zurnalaskelione.lt\/index.php\/wp-json\/wp\/v2\/product_tag?post=1755"}],"curies":[{"name":"wp","href":"https:\/\/api.w.org\/{rel}","templated":true}]}}