{"id":1753,"date":"2023-09-18T13:04:48","date_gmt":"2023-09-18T10:04:48","guid":{"rendered":"https:\/\/oldoriginal.zurnalaskelione.lt\/?post_type=product&#038;p=1753"},"modified":"2024-10-26T08:34:56","modified_gmt":"2024-10-26T05:34:56","slug":"zurnalas-kelione-2022-m-nr-iv","status":"publish","type":"product","link":"https:\/\/oldoriginal.zurnalaskelione.lt\/index.php\/product\/zurnalas-kelione-2022-m-nr-iv\/","title":{"rendered":"\u017durnalas \u201eKelion\u0117\u201c<br>2022 m. Nr. IV"},"content":{"rendered":"<p>Nauja\u00a0<em>Kelion\u0117<\/em>\u00a0\u2013 apie brangiausias dovanas: bendryst\u0119, kalb\u0117jim\u0105si, klausym\u0105si.<\/p>\n<p>Viena kertini\u0173 \u0161ios\u00a0<em>Kelion\u0117s<\/em>\u00a0tem\u0173 \u2013 verkti su verkian\u010diais ir d\u017eiaugtis su besid\u017eiaugian\u010diais (plg. Rom 12, 15). Ta\u010diau, kas yra toji empatija ir i\u0161 kur jos pasisemti? O kur ie\u0161koti pagalbos, pa\u010diam atsid\u016brus kriz\u0117je? Dar vienas svarbus klausimas \u2013 kaip \u012fsiklausyti ir i\u0161girsti kit\u0105?<\/p>\n<p>\u201eTurime rasti b\u016bd\u0173, kaip bet kur\u012f \u017emog\u0173 pakviesti \u012f autenti\u0161k\u0105 dialog\u0105, kuriame kartu gal\u0117tume ie\u0161koti tiesos\u201c, \u2013 sako teolog\u0117, airi\u0173 diplomato \u017emona Bernadette McIvor. O aktorius Valentinas Masalskis primena, kad atjauta patiriama pirmiausiai kasdienyb\u0117je, kur geriausiai pamatome, kiek esame \u201emes\u201c, o ne tik \u201ea\u0161\u201c.<\/p>\n<p>\u201ePasaulio Kry\u017eius beld\u017eiasi \u012f vienuolyno duris, per kiekvien\u0105 \u010dia atvykstant\u012f\u201c, \u2013 dalinasi ilgamet\u0117 Betliejaus seser\u0173 Lietuvoje prior\u0117 s. Marie-Reine, \u0161\u012f ruden\u012f baigusi tarnyst\u0117s \u010dia laik\u0105 ir sugr\u012f\u017eusi \u012f Pranc\u016bzij\u0105. Su\u00a0<em>Kelion\u0117s<\/em>\u00a0skaitytojais ji dosniai dalijasi kontempliatyvaus gyvenimo, vienuolyno steigimo ir k\u016brimosi Lietuvoje patirtimis, o kartu pasakoja apie tyloje i\u0161 bendryst\u0117s su Vie\u0161pa\u010diu u\u017egimstan\u010di\u0105 atjaut\u0105.<\/p>\n<p>Be to, \u017eurnale skaitytojai ras ir Rimos Sadauskien\u0117s tekst\u0105 apie gyvenim\u0105 ir vilt\u012f po intensyvaus onkologin\u0117s ligos gydymo, kun. K\u0119stu\u010dio Dvarecko mintis apie gydant\u012f bendruomeni\u0161kum\u0105, Valdo Mackelos straipsn\u012f apie i\u0161mint\u012f ir men\u0105 b\u016bti laimingam, sesers Juozapos m\u0105stym\u0105 apie jaunim\u0105 ir jo keli\u0105 \u012f brand\u0105, Regimanto Tamo\u0161ai\u010dio es\u0117, August\u0117s \u017di\u010dkyt\u0117s straipsn\u012f apie Thom\u0105 Merton\u0105 ir nema\u017ea kit\u0173 verting\u0173 tekst\u0173.<\/p>\n","protected":false},"excerpt":{"rendered":"<p>Viena kertini\u0173 \u0161ios\u00a0<em>Kelion\u0117s<\/em>\u00a0tem\u0173 \u2013 verkti su verkian\u010diais ir d\u017eiaugtis su besid\u017eiaugian\u010diais (plg. Rom 12, 15). Ta\u010diau, kas yra toji empatija ir i\u0161 kur jos pasisemti? O kur ie\u0161koti pagalbos, pa\u010diam atsid\u016brus kriz\u0117je? Dar vienas svarbus klausimas \u2013 kaip \u012fsiklausyti ir i\u0161girsti kit\u0105?<\/p>\n","protected":false},"featured_media":1754,"template":"","meta":{"jetpack_post_was_ever_published":false},"product_brand":[],"product_cat":[55],"product_tag":[62],"class_list":{"0":"post-1753","1":"product","2":"type-product","3":"status-publish","4":"has-post-thumbnail","6":"product_cat-zurnalas","7":"product_tag-kelione","9":"first","10":"outofstock","11":"taxable","12":"shipping-taxable","13":"purchasable","14":"product-type-simple"},"aioseo_notices":[],"jetpack_sharing_enabled":true,"featured_media_urls":{"thumbnail":["https:\/\/oldoriginal.zurnalaskelione.lt\/wp-content\/uploads\/2023\/09\/VIRSELIS-2022-iv-1-600x800-1-150x150.jpg",150,150,true],"medium":["https:\/\/oldoriginal.zurnalaskelione.lt\/wp-content\/uploads\/2023\/09\/VIRSELIS-2022-iv-1-600x800-1-225x300.jpg",225,300,true],"medium_large":["https:\/\/oldoriginal.zurnalaskelione.lt\/wp-content\/uploads\/2023\/09\/VIRSELIS-2022-iv-1-600x800-1.jpg",600,800,false],"large":["https:\/\/oldoriginal.zurnalaskelione.lt\/wp-content\/uploads\/2023\/09\/VIRSELIS-2022-iv-1-600x800-1.jpg",600,800,false],"1536x1536":["https:\/\/oldoriginal.zurnalaskelione.lt\/wp-content\/uploads\/2023\/09\/VIRSELIS-2022-iv-1-600x800-1.jpg",600,800,false],"2048x2048":["https:\/\/oldoriginal.zurnalaskelione.lt\/wp-content\/uploads\/2023\/09\/VIRSELIS-2022-iv-1-600x800-1.jpg",600,800,false],"inspiro-featured-image":["https:\/\/oldoriginal.zurnalaskelione.lt\/wp-content\/uploads\/2023\/09\/VIRSELIS-2022-iv-1-600x800-1.jpg",600,800,false],"inspiro-loop":["https:\/\/oldoriginal.zurnalaskelione.lt\/wp-content\/uploads\/2023\/09\/VIRSELIS-2022-iv-1-600x800-1-600x320.jpg",600,320,true],"inspiro-loop@2x":["https:\/\/oldoriginal.zurnalaskelione.lt\/wp-content\/uploads\/2023\/09\/VIRSELIS-2022-iv-1-600x800-1-600x640.jpg",600,640,true],"menu-24x24":["https:\/\/oldoriginal.zurnalaskelione.lt\/wp-content\/uploads\/2023\/09\/VIRSELIS-2022-iv-1-600x800-1-18x24.jpg",18,24,true],"menu-36x36":["https:\/\/oldoriginal.zurnalaskelione.lt\/wp-content\/uploads\/2023\/09\/VIRSELIS-2022-iv-1-600x800-1-27x36.jpg",27,36,true],"menu-48x48":["https:\/\/oldoriginal.zurnalaskelione.lt\/wp-content\/uploads\/2023\/09\/VIRSELIS-2022-iv-1-600x800-1-36x48.jpg",36,48,true],"woocommerce_thumbnail":["https:\/\/oldoriginal.zurnalaskelione.lt\/wp-content\/uploads\/2023\/09\/VIRSELIS-2022-iv-1-600x800-1-300x400.jpg",300,400,true],"woocommerce_single":["https:\/\/oldoriginal.zurnalaskelione.lt\/wp-content\/uploads\/2023\/09\/VIRSELIS-2022-iv-1-600x800-1.jpg",600,800,false],"woocommerce_gallery_thumbnail":["https:\/\/oldoriginal.zurnalaskelione.lt\/wp-content\/uploads\/2023\/09\/VIRSELIS-2022-iv-1-600x800-1-100x100.jpg",100,100,true],"portfolio_item-thumbnail":["https:\/\/oldoriginal.zurnalaskelione.lt\/wp-content\/uploads\/2023\/09\/VIRSELIS-2022-iv-1-600x800-1-600x400.jpg",600,400,true],"portfolio_item-thumbnail@2x":["https:\/\/oldoriginal.zurnalaskelione.lt\/wp-content\/uploads\/2023\/09\/VIRSELIS-2022-iv-1-600x800-1.jpg",600,800,false],"portfolio_item-masonry":["https:\/\/oldoriginal.zurnalaskelione.lt\/wp-content\/uploads\/2023\/09\/VIRSELIS-2022-iv-1-600x800-1.jpg",600,800,false],"portfolio_item-masonry@2x":["https:\/\/oldoriginal.zurnalaskelione.lt\/wp-content\/uploads\/2023\/09\/VIRSELIS-2022-iv-1-600x800-1.jpg",600,800,false],"portfolio_item-thumbnail_cinema":["https:\/\/oldoriginal.zurnalaskelione.lt\/wp-content\/uploads\/2023\/09\/VIRSELIS-2022-iv-1-600x800-1-600x335.jpg",600,335,true],"portfolio_item-thumbnail_portrait":["https:\/\/oldoriginal.zurnalaskelione.lt\/wp-content\/uploads\/2023\/09\/VIRSELIS-2022-iv-1-600x800-1.jpg",600,800,false],"portfolio_item-thumbnail_portrait@2x":["https:\/\/oldoriginal.zurnalaskelione.lt\/wp-content\/uploads\/2023\/09\/VIRSELIS-2022-iv-1-600x800-1.jpg",600,800,false],"portfolio_item-thumbnail_square":["https:\/\/oldoriginal.zurnalaskelione.lt\/wp-content\/uploads\/2023\/09\/VIRSELIS-2022-iv-1-600x800-1.jpg",600,800,false]},"_links":{"self":[{"href":"https:\/\/oldoriginal.zurnalaskelione.lt\/index.php\/wp-json\/wp\/v2\/product\/1753"}],"collection":[{"href":"https:\/\/oldoriginal.zurnalaskelione.lt\/index.php\/wp-json\/wp\/v2\/product"}],"about":[{"href":"https:\/\/oldoriginal.zurnalaskelione.lt\/index.php\/wp-json\/wp\/v2\/types\/product"}],"wp:featuredmedia":[{"embeddable":true,"href":"https:\/\/oldoriginal.zurnalaskelione.lt\/index.php\/wp-json\/wp\/v2\/media\/1754"}],"wp:attachment":[{"href":"https:\/\/oldoriginal.zurnalaskelione.lt\/index.php\/wp-json\/wp\/v2\/media?parent=1753"}],"wp:term":[{"taxonomy":"product_brand","embeddable":true,"href":"https:\/\/oldoriginal.zurnalaskelione.lt\/index.php\/wp-json\/wp\/v2\/product_brand?post=1753"},{"taxonomy":"product_cat","embeddable":true,"href":"https:\/\/oldoriginal.zurnalaskelione.lt\/index.php\/wp-json\/wp\/v2\/product_cat?post=1753"},{"taxonomy":"product_tag","embeddable":true,"href":"https:\/\/oldoriginal.zurnalaskelione.lt\/index.php\/wp-json\/wp\/v2\/product_tag?post=1753"}],"curies":[{"name":"wp","href":"https:\/\/api.w.org\/{rel}","templated":true}]}}