{"id":68,"date":"2022-09-30T14:47:57","date_gmt":"2022-09-30T11:47:57","guid":{"rendered":"https:\/\/kelias.programuoki.lt\/?page_id=68"},"modified":"2023-12-01T17:16:31","modified_gmt":"2023-12-01T14:16:31","slug":"prenumerata","status":"publish","type":"page","link":"https:\/\/oldoriginal.zurnalaskelione.lt\/index.php\/isigyti\/prenumerata\/","title":{"rendered":"Prenumerata"},"content":{"rendered":"<div class=\"wp-block-group has-background is-layout-flow wp-block-group-is-layout-flow\" style=\"background-color:#7bdbb533\"><p class=\"has-text-align-center\">Prenumeruokite \u201eKelion\u0119\u201c, ir 2024 m. J\u016bs\u0173 namus pasieks keturi \u017eurnalo numeriai&nbsp;(kov\u0105, bir\u017eel\u012f, rugs\u0117j\u012f, gruod\u012f). Kiekviename j\u0173 \u2013&nbsp;net&nbsp;112 puslapi\u0173 gausiai iliustruot\u0173 straipsni\u0173 kult\u016bros, tik\u0117jimo, \u0161eimos, sielogydos, visuomen\u0117s ir kitomis svarbiomis temomis.<\/p>\n\n<p class=\"has-text-align-center\"><em>\u017durnalas \u201eKelion\u0117\u201c \u2013 gra\u017eus ir i\u0161mintingas pakeleivis, kasdienyb\u0117je skatinantis keliauti tikresnio gyvenimo link.<\/em><\/p><\/div><h3 class=\"wp-block-heading has-text-align-center\">Prenumerata Lietuvoje<\/h3><p class=\"has-text-align-center\"><strong>Internetu<\/strong><\/p><p class=\"has-text-align-center\"><a href=\"https:\/\/prenumerata.lt\/prenumerata\/kelione\" title=\"prenumerata.lt\">prenumerata.lt<\/a><\/p><p class=\"has-text-align-center\"><\/p><p class=\"has-text-align-center\"><\/p><p class=\"has-text-align-center\"><strong>\u201eLietuvos pa\u0161to\u201c skyriuose <\/strong><br><br>Leidinio indeksas \u2013 5470<\/p><p class=\"has-text-align-center\">Prenumeratos kaina metams \u201325 \u20ac<br>(siuntimo kaina \u012fskai\u010diuota)<\/p><p class=\"has-white-color has-text-color\">.<\/p><hr class=\"wp-block-separator has-alpha-channel-opacity\"\/><h3 class=\"wp-block-heading has-text-align-center\"><strong>Prenumerata u\u017esienyje<br><\/strong><\/h3><p class=\"has-text-align-center\">el. pa\u0161tu: zurnalaskelione@gmail.com<br>Prenumeratos Europos \u0161alyse kaina metams \u2013 43 \u20ac (siuntimo kaina \u012fskai\u010diuota)<\/p><p class=\"has-text-align-center\"><\/p><p class=\"has-text-align-center\">D\u0117l prenumeratos kainos kitose u\u017esienio \u0161alyse teirautis zurnalaskelione@gmail.com<br><\/p><p class=\"has-white-color has-text-color\">.<\/p><hr class=\"wp-block-separator has-alpha-channel-opacity\"\/><h3 class=\"wp-block-heading has-text-align-center\">El. versijos prenumerata<\/h3><p class=\"has-text-align-center\"><a href=\"https:\/\/oldoriginal.zurnalaskelione.lt\/index.php\/product\/el-versijos-prenumerata\/\" title=\"Prenumeruokite \u201eKelion\u0119\u201c,\">Prenumeruokite \u201eKelion\u0119\u201c,<\/a> ir 2024 m. Jus&nbsp;nurodytu el. pa\u0161tu&nbsp;pasieks keturi \u017eurnalo numeriai&nbsp;PDF formatu&nbsp;(kov\u0105, bir\u017eel\u012f, rugs\u0117j\u012f, gruod\u012f).<\/p><p class=\"has-text-align-center\"><\/p><p class=\"has-text-align-center\">E-versijos prenumeratos kaina metams \u2013 20 \u20ac<br><\/p><p class=\"has-white-color has-text-color\">.<\/p><p class=\"has-white-color has-text-color\">.<\/p><p class=\"has-white-color has-text-color\">.<\/p>","protected":false},"excerpt":{"rendered":"<p>Prenumeruokite \u201eKelion\u0119\u201c, ir 2024 m. J\u016bs\u0173 namus pasieks keturi \u017eurnalo numeriai&nbsp;(kov\u0105, bir\u017eel\u012f, rugs\u0117j\u012f, gruod\u012f). Kiekviename j\u0173 \u2013&nbsp;net&nbsp;112 puslapi\u0173 gausiai iliustruot\u0173 straipsni\u0173 kult\u016bros, tik\u0117jimo, \u0161eimos, sielogydos, visuomen\u0117s ir kitomis svarbiomis temomis. \u017durnalas \u201eKelion\u0117\u201c \u2013 gra\u017eus ir i\u0161mintingas pakeleivis, kasdienyb\u0117je skatinantis keliauti tikresnio gyvenimo link. Prenumerata Lietuvoje Internetu prenumerata.lt \u201eLietuvos pa\u0161to\u201c skyriuose Leidinio indeksas \u2013 5470 Prenumeratos &hellip; <\/p>\n<p class=\"link-more\"><a href=\"https:\/\/oldoriginal.zurnalaskelione.lt\/index.php\/isigyti\/prenumerata\/\" class=\"more-link\">Read more<span class=\"screen-reader-text\"> &#8222;Prenumerata&#8221;<\/span><\/a><\/p>\n","protected":false},"author":1,"featured_media":919,"parent":56,"menu_order":0,"comment_status":"closed","ping_status":"closed","template":"","meta":{"jetpack_post_was_ever_published":false,"footnotes":""},"class_list":["post-68","page","type-page","status-publish","has-post-thumbnail","hentry"],"aioseo_notices":[],"jetpack_sharing_enabled":true,"featured_media_urls":{"thumbnail":["https:\/\/oldoriginal.zurnalaskelione.lt\/wp-content\/uploads\/2022\/10\/photo-1530914156407-c8577305aae8-150x150.jpg",150,150,true],"medium":["https:\/\/oldoriginal.zurnalaskelione.lt\/wp-content\/uploads\/2022\/10\/photo-1530914156407-c8577305aae8-300x200.jpg",300,200,true],"medium_large":["https:\/\/oldoriginal.zurnalaskelione.lt\/wp-content\/uploads\/2022\/10\/photo-1530914156407-c8577305aae8-768x512.jpg",768,512,true],"large":["https:\/\/oldoriginal.zurnalaskelione.lt\/wp-content\/uploads\/2022\/10\/photo-1530914156407-c8577305aae8-1024x683.jpg",950,634,true],"1536x1536":["https:\/\/oldoriginal.zurnalaskelione.lt\/wp-content\/uploads\/2022\/10\/photo-1530914156407-c8577305aae8-1536x1024.jpg",1536,1024,true],"2048x2048":["https:\/\/oldoriginal.zurnalaskelione.lt\/wp-content\/uploads\/2022\/10\/photo-1530914156407-c8577305aae8-2048x1365.jpg",2048,1365,true],"inspiro-featured-image":["https:\/\/oldoriginal.zurnalaskelione.lt\/wp-content\/uploads\/2022\/10\/photo-1530914156407-c8577305aae8-2000x1333.jpg",2000,1333,true],"inspiro-loop":["https:\/\/oldoriginal.zurnalaskelione.lt\/wp-content\/uploads\/2022\/10\/photo-1530914156407-c8577305aae8-950x320.jpg",950,320,true],"inspiro-loop@2x":["https:\/\/oldoriginal.zurnalaskelione.lt\/wp-content\/uploads\/2022\/10\/photo-1530914156407-c8577305aae8-1900x640.jpg",1900,640,true],"menu-24x24":["https:\/\/oldoriginal.zurnalaskelione.lt\/wp-content\/uploads\/2022\/10\/photo-1530914156407-c8577305aae8-24x16.jpg",24,16,true],"menu-36x36":["https:\/\/oldoriginal.zurnalaskelione.lt\/wp-content\/uploads\/2022\/10\/photo-1530914156407-c8577305aae8-36x24.jpg",36,24,true],"menu-48x48":["https:\/\/oldoriginal.zurnalaskelione.lt\/wp-content\/uploads\/2022\/10\/photo-1530914156407-c8577305aae8-48x32.jpg",48,32,true],"woocommerce_thumbnail":["https:\/\/oldoriginal.zurnalaskelione.lt\/wp-content\/uploads\/2022\/10\/photo-1530914156407-c8577305aae8-300x200.jpg",300,200,true],"woocommerce_single":["https:\/\/oldoriginal.zurnalaskelione.lt\/wp-content\/uploads\/2022\/10\/photo-1530914156407-c8577305aae8-600x400.jpg",600,400,true],"woocommerce_gallery_thumbnail":["https:\/\/oldoriginal.zurnalaskelione.lt\/wp-content\/uploads\/2022\/10\/photo-1530914156407-c8577305aae8-100x100.jpg",100,100,true],"portfolio_item-thumbnail":["https:\/\/oldoriginal.zurnalaskelione.lt\/wp-content\/uploads\/2022\/10\/photo-1530914156407-c8577305aae8-600x400.jpg",600,400,true],"portfolio_item-thumbnail@2x":["https:\/\/oldoriginal.zurnalaskelione.lt\/wp-content\/uploads\/2022\/10\/photo-1530914156407-c8577305aae8-1200x800.jpg",1200,800,true],"portfolio_item-masonry":["https:\/\/oldoriginal.zurnalaskelione.lt\/wp-content\/uploads\/2022\/10\/photo-1530914156407-c8577305aae8-600x400.jpg",600,400,true],"portfolio_item-masonry@2x":["https:\/\/oldoriginal.zurnalaskelione.lt\/wp-content\/uploads\/2022\/10\/photo-1530914156407-c8577305aae8-1200x800.jpg",1200,800,true],"portfolio_item-thumbnail_cinema":["https:\/\/oldoriginal.zurnalaskelione.lt\/wp-content\/uploads\/2022\/10\/photo-1530914156407-c8577305aae8-800x335.jpg",800,335,true],"portfolio_item-thumbnail_portrait":["https:\/\/oldoriginal.zurnalaskelione.lt\/wp-content\/uploads\/2022\/10\/photo-1530914156407-c8577305aae8-600x900.jpg",600,900,true],"portfolio_item-thumbnail_portrait@2x":["https:\/\/oldoriginal.zurnalaskelione.lt\/wp-content\/uploads\/2022\/10\/photo-1530914156407-c8577305aae8-1200x1440.jpg",1200,1440,true],"portfolio_item-thumbnail_square":["https:\/\/oldoriginal.zurnalaskelione.lt\/wp-content\/uploads\/2022\/10\/photo-1530914156407-c8577305aae8-800x800.jpg",800,800,true]},"_links":{"self":[{"href":"https:\/\/oldoriginal.zurnalaskelione.lt\/index.php\/wp-json\/wp\/v2\/pages\/68"}],"collection":[{"href":"https:\/\/oldoriginal.zurnalaskelione.lt\/index.php\/wp-json\/wp\/v2\/pages"}],"about":[{"href":"https:\/\/oldoriginal.zurnalaskelione.lt\/index.php\/wp-json\/wp\/v2\/types\/page"}],"author":[{"embeddable":true,"href":"https:\/\/oldoriginal.zurnalaskelione.lt\/index.php\/wp-json\/wp\/v2\/users\/1"}],"replies":[{"embeddable":true,"href":"https:\/\/oldoriginal.zurnalaskelione.lt\/index.php\/wp-json\/wp\/v2\/comments?post=68"}],"version-history":[{"count":29,"href":"https:\/\/oldoriginal.zurnalaskelione.lt\/index.php\/wp-json\/wp\/v2\/pages\/68\/revisions"}],"predecessor-version":[{"id":1924,"href":"https:\/\/oldoriginal.zurnalaskelione.lt\/index.php\/wp-json\/wp\/v2\/pages\/68\/revisions\/1924"}],"up":[{"embeddable":true,"href":"https:\/\/oldoriginal.zurnalaskelione.lt\/index.php\/wp-json\/wp\/v2\/pages\/56"}],"wp:featuredmedia":[{"embeddable":true,"href":"https:\/\/oldoriginal.zurnalaskelione.lt\/index.php\/wp-json\/wp\/v2\/media\/919"}],"wp:attachment":[{"href":"https:\/\/oldoriginal.zurnalaskelione.lt\/index.php\/wp-json\/wp\/v2\/media?parent=68"}],"curies":[{"name":"wp","href":"https:\/\/api.w.org\/{rel}","templated":true}]}}