{"id":64,"date":"2022-09-30T14:47:12","date_gmt":"2022-09-30T11:47:12","guid":{"rendered":"https:\/\/kelias.programuoki.lt\/?page_id=64"},"modified":"2024-08-23T15:17:32","modified_gmt":"2024-08-23T12:17:32","slug":"redakcija","status":"publish","type":"page","link":"https:\/\/oldoriginal.zurnalaskelione.lt\/index.php\/zurnalas\/redakcija\/","title":{"rendered":"Redakcija"},"content":{"rendered":"<p><\/p><div class=\"wp-block-group alignfull is-layout-flow wp-block-group-is-layout-flow\"><div class=\"wp-block-group is-layout-flow wp-block-group-is-layout-flow\" style=\"font-style:normal;font-weight:500\"><p class=\"has-text-align-center has-normal-font-size\"><code><strong>Redaktor\u0117 <\/strong><br>ses. Faustina Elena Andrulyt\u0117 SF<\/code><\/p>\n\n<p class=\"has-white-color has-text-color\">.<\/p>\n\n<p class=\"has-text-align-center has-normal-font-size\"><code><strong>Redakcin\u0117 kolegija<\/strong><\/code><\/p>\n\n<p class=\"has-text-align-center has-normal-font-size\"><code>Kun. K\u0119stutis Dvareckas<\/code><\/p>\n\n<p class=\"has-text-align-center has-normal-font-size\"><code>J\u016brat\u0117 Micevi\u010di\u016bt\u0117<\/code><\/p>\n\n<p class=\"has-text-align-center has-normal-font-size\">ses. <code>Lina Agniet\u0117 Striokait\u0117 SF<\/code><\/p>\n\n<p class=\"has-text-align-center has-normal-font-size\"><code>Antanas \u0160imkus<\/code><\/p>\n\n<p class=\"has-white-color has-text-color\">.<\/p>\n\n<p class=\"has-text-align-center has-normal-font-size\"><code><strong>Korektor\u0117<\/strong><\/code><\/p>\n\n<p class=\"has-text-align-center has-normal-font-size\"><code>Loreta Andrulien\u0117<\/code><\/p>\n\n<p class=\"has-white-color has-text-color\">.<\/p>\n\n<p class=\"has-text-align-center has-normal-font-size\"><code><strong>\u017durnalo maketas ir dizainas<\/strong><\/code><\/p>\n\n<p class=\"has-text-align-center has-normal-font-size\"><code>Povilas Zaleskis<\/code><\/p><\/div>\n\n<p class=\"has-text-align-center has-white-color has-text-color has-normal-font-size\">.<\/p>\n\n<p class=\"has-white-color has-text-color\">.<\/p>\n\n<p class=\"has-white-color has-text-color\"><\/p>\n\n<div class=\"wp-block-group is-layout-flow wp-block-group-is-layout-flow\"><div class=\"wp-block-columns alignwide is-layout-flex wp-container-core-columns-is-layout-1 wp-block-columns-is-layout-flex\"><div class=\"wp-block-column is-layout-flow wp-block-column-is-layout-flow\" style=\"flex-basis:100%\"><div class=\"wp-block-group is-layout-flow wp-block-group-is-layout-flow\"><div class=\"wp-block-group alignfull has-background is-layout-flow wp-block-group-is-layout-flow\" style=\"background-color:#7bdbb526\"><div class=\"wp-block-group is-vertical is-content-justification-center is-layout-flex wp-container-core-group-is-layout-2 wp-block-group-is-layout-flex\"><p><kbd><strong>KONTAKTAI<\/strong><\/kbd><\/p>\n\n<p><kbd>+370 677 52206<\/kbd><\/p>\n\n<p><kbd>zurnalaskelione@gmail.com<\/kbd><\/p><\/div><\/div><\/div><\/div><\/div><\/div>\n\n<p><\/p><\/div><hr class=\"wp-block-separator has-text-color has-css-opacity has-background is-style-wide\" style=\"background-color:#000000;color:#000000\"\/><p><strong>\u017durnalo r\u0117m\u0117jai:<\/strong><\/p><p><\/p><div class=\"wp-block-columns alignwide is-layout-flex wp-container-core-columns-is-layout-2 wp-block-columns-is-layout-flex\"><div class=\"wp-block-column is-layout-flow wp-block-column-is-layout-flow\"><figure class=\"wp-block-image aligncenter size-large is-resized\"><img fetchpriority=\"high\" decoding=\"async\" width=\"1024\" height=\"515\" src=\"https:\/\/kelias.programuoki.lt\/wp-content\/uploads\/2022\/10\/EmbeddedImage-1-1024x515.jpg\" alt=\"\" class=\"wp-image-410\" style=\"width:162px;height:81px\" srcset=\"https:\/\/oldoriginal.zurnalaskelione.lt\/wp-content\/uploads\/2022\/10\/EmbeddedImage-1-1024x515.jpg 1024w, https:\/\/oldoriginal.zurnalaskelione.lt\/wp-content\/uploads\/2022\/10\/EmbeddedImage-1-300x151.jpg 300w, https:\/\/oldoriginal.zurnalaskelione.lt\/wp-content\/uploads\/2022\/10\/EmbeddedImage-1-600x302.jpg 600w, https:\/\/oldoriginal.zurnalaskelione.lt\/wp-content\/uploads\/2022\/10\/EmbeddedImage-1-768x386.jpg 768w, https:\/\/oldoriginal.zurnalaskelione.lt\/wp-content\/uploads\/2022\/10\/EmbeddedImage-1.jpg 1081w\" sizes=\"(max-width: 1024px) 100vw, 1024px\" \/><\/figure>\n\n<figure class=\"wp-block-image aligncenter size-large is-resized\"><img decoding=\"async\" width=\"1024\" height=\"1024\" src=\"https:\/\/oldoriginal.zurnalaskelione.lt\/wp-content\/uploads\/2024\/04\/Donum-Logo-\u2013-kopija-1-1024x1024.png\" alt=\"\" class=\"wp-image-2254\" style=\"width:182px;height:auto\" srcset=\"https:\/\/oldoriginal.zurnalaskelione.lt\/wp-content\/uploads\/2024\/04\/Donum-Logo-\u2013-kopija-1-1024x1024.png 1024w, https:\/\/oldoriginal.zurnalaskelione.lt\/wp-content\/uploads\/2024\/04\/Donum-Logo-\u2013-kopija-1-300x300.png 300w, https:\/\/oldoriginal.zurnalaskelione.lt\/wp-content\/uploads\/2024\/04\/Donum-Logo-\u2013-kopija-1-150x150.png 150w, https:\/\/oldoriginal.zurnalaskelione.lt\/wp-content\/uploads\/2024\/04\/Donum-Logo-\u2013-kopija-1-2000x2000.png 2000w\" sizes=\"(max-width: 1024px) 100vw, 1024px\" \/><\/figure><\/div>\n\n<div class=\"wp-block-column is-layout-flow wp-block-column-is-layout-flow\"><figure class=\"wp-block-image aligncenter size-full is-resized\"><img decoding=\"async\" width=\"800\" height=\"802\" src=\"https:\/\/oldoriginal.zurnalaskelione.lt\/wp-content\/uploads\/2024\/04\/800px-United_States_Conference_of_Catholic_BishopsBW.svg_.png\" alt=\"\" class=\"wp-image-2252\" style=\"width:175px;height:auto\" srcset=\"https:\/\/oldoriginal.zurnalaskelione.lt\/wp-content\/uploads\/2024\/04\/800px-United_States_Conference_of_Catholic_BishopsBW.svg_.png 800w, https:\/\/oldoriginal.zurnalaskelione.lt\/wp-content\/uploads\/2024\/04\/800px-United_States_Conference_of_Catholic_BishopsBW.svg_-300x300.png 300w, https:\/\/oldoriginal.zurnalaskelione.lt\/wp-content\/uploads\/2024\/04\/800px-United_States_Conference_of_Catholic_BishopsBW.svg_-150x150.png 150w\" sizes=\"(max-width: 800px) 100vw, 800px\" \/><\/figure><\/div>\n\n<div class=\"wp-block-column is-layout-flow wp-block-column-is-layout-flow\"><figure class=\"wp-block-image aligncenter size-large is-resized\"><img loading=\"lazy\" decoding=\"async\" width=\"1024\" height=\"577\" src=\"https:\/\/oldoriginal.zurnalaskelione.lt\/wp-content\/uploads\/2024\/08\/MRF_logo_SPALV_MONOCHROM_LT_VERT-copy-4-1-1024x577.png\" alt=\"\" class=\"wp-image-2767\" style=\"aspect-ratio:0.891156462585034;width:200px;height:auto\" srcset=\"https:\/\/oldoriginal.zurnalaskelione.lt\/wp-content\/uploads\/2024\/08\/MRF_logo_SPALV_MONOCHROM_LT_VERT-copy-4-1-1024x577.png 1024w, https:\/\/oldoriginal.zurnalaskelione.lt\/wp-content\/uploads\/2024\/08\/MRF_logo_SPALV_MONOCHROM_LT_VERT-copy-4-1-300x169.png 300w, https:\/\/oldoriginal.zurnalaskelione.lt\/wp-content\/uploads\/2024\/08\/MRF_logo_SPALV_MONOCHROM_LT_VERT-copy-4-1.png 1545w\" sizes=\"(max-width: 1024px) 100vw, 1024px\" \/><\/figure><\/div><\/div>","protected":false},"excerpt":{"rendered":"<p>Redaktor\u0117 ses. Faustina Elena Andrulyt\u0117 SF . Redakcin\u0117 kolegija Kun. K\u0119stutis Dvareckas J\u016brat\u0117 Micevi\u010di\u016bt\u0117 ses. Lina Agniet\u0117 Striokait\u0117 SF Antanas \u0160imkus . Korektor\u0117 Loreta Andrulien\u0117 . \u017durnalo maketas ir dizainas Povilas Zaleskis . . KONTAKTAI +370 677 52206 zurnalaskelione@gmail.com \u017durnalo r\u0117m\u0117jai:<\/p>\n","protected":false},"author":1,"featured_media":812,"parent":51,"menu_order":0,"comment_status":"closed","ping_status":"closed","template":"","meta":{"jetpack_post_was_ever_published":false,"footnotes":""},"class_list":["post-64","page","type-page","status-publish","has-post-thumbnail","hentry"],"aioseo_notices":[],"jetpack_sharing_enabled":true,"featured_media_urls":{"thumbnail":["https:\/\/oldoriginal.zurnalaskelione.lt\/wp-content\/uploads\/2022\/10\/tekstai-150x150.jpg",150,150,true],"medium":["https:\/\/oldoriginal.zurnalaskelione.lt\/wp-content\/uploads\/2022\/10\/tekstai-300x169.jpg",300,169,true],"medium_large":["https:\/\/oldoriginal.zurnalaskelione.lt\/wp-content\/uploads\/2022\/10\/tekstai-768x432.jpg",768,432,true],"large":["https:\/\/oldoriginal.zurnalaskelione.lt\/wp-content\/uploads\/2022\/10\/tekstai-1024x576.jpg",950,534,true],"1536x1536":["https:\/\/oldoriginal.zurnalaskelione.lt\/wp-content\/uploads\/2022\/10\/tekstai-1536x864.jpg",1536,864,true],"2048x2048":["https:\/\/oldoriginal.zurnalaskelione.lt\/wp-content\/uploads\/2022\/10\/tekstai-2048x1152.jpg",2048,1152,true],"inspiro-featured-image":["https:\/\/oldoriginal.zurnalaskelione.lt\/wp-content\/uploads\/2022\/10\/tekstai-2000x1125.jpg",2000,1125,true],"inspiro-loop":["https:\/\/oldoriginal.zurnalaskelione.lt\/wp-content\/uploads\/2022\/10\/tekstai-950x320.jpg",950,320,true],"inspiro-loop@2x":["https:\/\/oldoriginal.zurnalaskelione.lt\/wp-content\/uploads\/2022\/10\/tekstai-1900x640.jpg",1900,640,true],"menu-24x24":["https:\/\/oldoriginal.zurnalaskelione.lt\/wp-content\/uploads\/2022\/10\/tekstai-scaled-24x14.jpg",24,14,true],"menu-36x36":["https:\/\/oldoriginal.zurnalaskelione.lt\/wp-content\/uploads\/2022\/10\/tekstai-scaled-36x20.jpg",36,20,true],"menu-48x48":["https:\/\/oldoriginal.zurnalaskelione.lt\/wp-content\/uploads\/2022\/10\/tekstai-scaled-48x27.jpg",48,27,true],"woocommerce_thumbnail":["https:\/\/oldoriginal.zurnalaskelione.lt\/wp-content\/uploads\/2022\/10\/tekstai-300x169.jpg",300,169,true],"woocommerce_single":["https:\/\/oldoriginal.zurnalaskelione.lt\/wp-content\/uploads\/2022\/10\/tekstai-scaled-600x338.jpg",600,338,true],"woocommerce_gallery_thumbnail":["https:\/\/oldoriginal.zurnalaskelione.lt\/wp-content\/uploads\/2022\/10\/tekstai-100x100.jpg",100,100,true],"portfolio_item-thumbnail":["https:\/\/oldoriginal.zurnalaskelione.lt\/wp-content\/uploads\/2022\/10\/tekstai-scaled-600x400.jpg",600,400,true],"portfolio_item-thumbnail@2x":["https:\/\/oldoriginal.zurnalaskelione.lt\/wp-content\/uploads\/2022\/10\/tekstai-scaled-1200x800.jpg",1200,800,true],"portfolio_item-masonry":["https:\/\/oldoriginal.zurnalaskelione.lt\/wp-content\/uploads\/2022\/10\/tekstai-scaled-600x338.jpg",600,338,true],"portfolio_item-masonry@2x":["https:\/\/oldoriginal.zurnalaskelione.lt\/wp-content\/uploads\/2022\/10\/tekstai-scaled-1200x675.jpg",1200,675,true],"portfolio_item-thumbnail_cinema":["https:\/\/oldoriginal.zurnalaskelione.lt\/wp-content\/uploads\/2022\/10\/tekstai-scaled-800x335.jpg",800,335,true],"portfolio_item-thumbnail_portrait":["https:\/\/oldoriginal.zurnalaskelione.lt\/wp-content\/uploads\/2022\/10\/tekstai-scaled-600x900.jpg",600,900,true],"portfolio_item-thumbnail_portrait@2x":["https:\/\/oldoriginal.zurnalaskelione.lt\/wp-content\/uploads\/2022\/10\/tekstai-scaled-1200x1440.jpg",1200,1440,true],"portfolio_item-thumbnail_square":["https:\/\/oldoriginal.zurnalaskelione.lt\/wp-content\/uploads\/2022\/10\/tekstai-scaled-800x800.jpg",800,800,true]},"_links":{"self":[{"href":"https:\/\/oldoriginal.zurnalaskelione.lt\/index.php\/wp-json\/wp\/v2\/pages\/64"}],"collection":[{"href":"https:\/\/oldoriginal.zurnalaskelione.lt\/index.php\/wp-json\/wp\/v2\/pages"}],"about":[{"href":"https:\/\/oldoriginal.zurnalaskelione.lt\/index.php\/wp-json\/wp\/v2\/types\/page"}],"author":[{"embeddable":true,"href":"https:\/\/oldoriginal.zurnalaskelione.lt\/index.php\/wp-json\/wp\/v2\/users\/1"}],"replies":[{"embeddable":true,"href":"https:\/\/oldoriginal.zurnalaskelione.lt\/index.php\/wp-json\/wp\/v2\/comments?post=64"}],"version-history":[{"count":42,"href":"https:\/\/oldoriginal.zurnalaskelione.lt\/index.php\/wp-json\/wp\/v2\/pages\/64\/revisions"}],"predecessor-version":[{"id":2769,"href":"https:\/\/oldoriginal.zurnalaskelione.lt\/index.php\/wp-json\/wp\/v2\/pages\/64\/revisions\/2769"}],"up":[{"embeddable":true,"href":"https:\/\/oldoriginal.zurnalaskelione.lt\/index.php\/wp-json\/wp\/v2\/pages\/51"}],"wp:featuredmedia":[{"embeddable":true,"href":"https:\/\/oldoriginal.zurnalaskelione.lt\/index.php\/wp-json\/wp\/v2\/media\/812"}],"wp:attachment":[{"href":"https:\/\/oldoriginal.zurnalaskelione.lt\/index.php\/wp-json\/wp\/v2\/media?parent=64"}],"curies":[{"name":"wp","href":"https:\/\/api.w.org\/{rel}","templated":true}]}}