{"id":633,"date":"2022-10-06T06:58:05","date_gmt":"2022-10-06T06:58:05","guid":{"rendered":"https:\/\/kelias.programuoki.lt\/?page_id=633"},"modified":"2024-09-05T10:41:54","modified_gmt":"2024-09-05T07:41:54","slug":"pradzia","status":"publish","type":"page","link":"https:\/\/oldoriginal.zurnalaskelione.lt\/","title":{"rendered":"Naujienos"},"content":{"rendered":"\t\t<div data-elementor-type=\"wp-page\" data-elementor-id=\"633\" class=\"elementor elementor-633\">\n\t\t\t\t<section class=\"elementor-section elementor-top-section elementor-element elementor-element-6c23cf4e elementor-section-boxed elementor-section-height-default elementor-section-height-default\" data-id=\"6c23cf4e\" data-element_type=\"section\" data-e-type=\"section\">\n\t\t\t\t\t\t<div class=\"elementor-container elementor-column-gap-default\">\n\t\t\t\t\t<div class=\"elementor-column elementor-col-100 elementor-top-column elementor-element elementor-element-39136010\" data-id=\"39136010\" data-element_type=\"column\" data-e-type=\"column\">\n\t\t\t<div class=\"elementor-widget-wrap elementor-element-populated\">\n\t\t\t\t\t\t<div class=\"elementor-element elementor-element-52ef9170 elementor-widget elementor-widget-text-editor\" data-id=\"52ef9170\" data-element_type=\"widget\" data-e-type=\"widget\" data-widget_type=\"text-editor.default\">\n\t\t\t\t<div class=\"elementor-widget-container\">\n\t\t\t\t\t\t\t\t\t<p><\/p>\n<p><\/p>\n<p class=\"has-text-align-center has-foreground-color has-text-color has-large-font-size\">\n<\/p><p><\/p>\n<p class=\"has-text-align-center has-medium-font-size\"><strong>Naujas numeris<\/strong><\/p>\n<p><\/p>\n<h3 id=\"u7288-2\" class=\"wp-block-heading has-text-align-center\"><img fetchpriority=\"high\" decoding=\"async\" class=\"alignnone wp-image-2843 \" src=\"https:\/\/oldoriginal.zurnalaskelione.lt\/wp-content\/uploads\/2024\/08\/Kelione_2024-iii_virselisDID-1-768x1024.jpg\" alt=\"\" width=\"402\" height=\"536\" srcset=\"https:\/\/oldoriginal.zurnalaskelione.lt\/wp-content\/uploads\/2024\/08\/Kelione_2024-iii_virselisDID-1-768x1024.jpg 768w, https:\/\/oldoriginal.zurnalaskelione.lt\/wp-content\/uploads\/2024\/08\/Kelione_2024-iii_virselisDID-1-225x300.jpg 225w, https:\/\/oldoriginal.zurnalaskelione.lt\/wp-content\/uploads\/2024\/08\/Kelione_2024-iii_virselisDID-1-2000x2667.jpg 2000w, https:\/\/oldoriginal.zurnalaskelione.lt\/wp-content\/uploads\/2024\/08\/Kelione_2024-iii_virselisDID-1-scaled.jpg 1920w\" sizes=\"(max-width: 402px) 100vw, 402px\" \/><\/h3>\n<h3 class=\"wp-block-heading has-text-align-center\"><em>Redakcijos palyd\u0117jimas<\/em><\/h3>\n<p><\/p>\n<p><\/p>\n<p><em>Mieli skaitytojai,<\/em><\/p>\n<p><\/p>\n<p><span style=\"font-size: 15.8415px;\"><i>J\u016bs\u0173 rankose rudenin\u0117 \u201eKelion\u0117\u201c. Kur ji kvie\u010dia? K\u0105 kalba? Pirmiausiai apie <\/i><\/span><span style=\"font-size: 15.8415px;\"><i>dr\u0105s\u0105 \u012fsipareigoti savo Keliui. Atpa\u017einti, surasti ir leistis \u012f j\u012f. Apie tai liudija <\/i><\/span><span style=\"font-size: 15.8415px;\"><i>kard. Audrys Juozas Ba\u010dkis, daugiau nei \u0161e\u0161is de\u0161imtme\u010dius pa\u0161vent\u0119s kunigystei, <\/i><\/span><span style=\"font-size: 15.8415px;\"><i>Benas Ulevi\u010dius, kurio gyvenime skleid\u017eiasi teologo, diakono, sutuoktinio ir t\u0117\u010dio <\/i><\/span><span style=\"font-size: 15.8415px;\"><i>pa\u0161aukimai, virtuv\u0117s \u0161efas Gian Luca Demarco, vyk\u0119s \u012f Lietuv\u0105, nor\u0117damas <\/i><\/span><span style=\"font-size: 15.8415px;\"><i>gelb\u0117ti kitus, ta\u010diau \u010dia rad\u0119s ir savo kelio pilnatv\u0119. Kelio, kurio paie\u0161kos <\/i><\/span><span style=\"font-size: 15.8415px;\"><i>prasid\u0117jo Asy\u017eiuje.<\/i><\/span><\/p>\n<p><span style=\"font-size: 15.8415px;\"><i>Gera, kad \u017eurnalo puslapiuose mus regimai ar vos pastebimai lydi Neturt\u0117lis <\/i><\/span><span style=\"font-size: 15.8415px;\"><i>i\u0161 Asy\u017eiaus. \u0160tai skaitytoj\u0173 laukia piligrimo Juozo Gai\u017eausko pasakojimas apie <\/i><\/span><span style=\"font-size: 15.8415px;\"><i>nuotykius, patirtus \u0160v. Pranci\u0161kaus kelyje Italijoje. Kelyje, kupiname tylos.<\/i><\/span><\/p>\n<p><span style=\"font-size: 15.8415px;\"><i>Tiesa, pasakojama, kad si\u0173sdamas brolius skelbti Evangelijos \u0161v. Pranci\u0161kus <\/i><\/span><span style=\"font-size: 15.8415px;\"><i>sak\u0117, jog jei reik\u0117s, \u0161ie gali naudoti ir \u017eod\u017eius. Kalba, kalb\u0117jimas, jo ne\u0161ama <\/i><\/span><span style=\"font-size: 15.8415px;\"><i>\u017einia \u2013 dar viena \u017eurnale besidriekianti gija. Ko reikia, kad i\u0161girstume ir b\u016btume <\/i><\/span><span style=\"font-size: 15.8415px;\"><i>i\u0161girsti?&#8230; Giedrius Tama\u0161evi\u010diaus pasakoja apie \u017e\u0105sin\u0117lio Vilio religin\u0117s kalbos <\/i><\/span><span style=\"font-size: 15.8415px;\"><i>pamokas, o ra\u0161ytoja Vandos Juknait\u0117 m\u0117gina u\u017e\u010diuopti pirmaprad\u0117s kalbos, <\/i><\/span><span style=\"font-size: 15.8415px;\"><i>suskamban\u010dios vaiko veblenime ar tarmi\u0161kuose tekstuose, paslaptis.<\/i><\/span><\/p>\n<p><span style=\"font-size: 15.8415px;\"><i>Tegu kalba, tyla ir i\u0161tikimyb\u0117 saviesiems keliams lydi ir m\u016bs\u0173 kasdienyb\u0117s <\/i><\/span><span style=\"font-size: 15.8415px;\"><i>piligrimyst\u0119.<\/i><\/span><\/p>\n<p><\/p>\n<p class=\"has-text-align-right\"><em>s. Faustina Elena Andrulyt\u0117 SF<\/em><\/p>\n<p><\/p>\n<p><a href=\"https:\/\/indd.adobe.com\/view\/827290d4-ed84-4e7c-bd6d-3b93b627aed3\" target=\"_blank\">PASKLAIDYTI \u017dURNAL\u0104<\/a><br><\/p>\n<p><\/p>\t\t\t\t\t\t\t\t<\/div>\n\t\t\t\t<\/div>\n\t\t\t\t\t<\/div>\n\t\t<\/div>\n\t\t\t\t\t<\/div>\n\t\t<\/section>\t\t<\/div>\n\t\t","protected":false},"excerpt":{"rendered":"<p>Naujas numeris Redakcijos palyd\u0117jimas Mieli skaitytojai, J\u016bs\u0173 rankose rudenin\u0117 \u201eKelion\u0117\u201c. Kur ji kvie\u010dia? K\u0105 kalba? Pirmiausiai apie dr\u0105s\u0105 \u012fsipareigoti savo Keliui. Atpa\u017einti, surasti ir leistis \u012f j\u012f. Apie tai liudija kard. Audrys Juozas Ba\u010dkis, daugiau nei \u0161e\u0161is de\u0161imtme\u010dius pa\u0161vent\u0119s kunigystei, Benas Ulevi\u010dius, kurio gyvenime skleid\u017eiasi teologo, diakono, sutuoktinio ir t\u0117\u010dio pa\u0161aukimai, virtuv\u0117s \u0161efas Gian Luca &hellip; <\/p>\n<p class=\"link-more\"><a href=\"https:\/\/oldoriginal.zurnalaskelione.lt\/\" class=\"more-link\">Read more<span class=\"screen-reader-text\"> &#8222;Naujienos&#8221;<\/span><\/a><\/p>\n","protected":false},"author":2,"featured_media":2829,"parent":0,"menu_order":0,"comment_status":"closed","ping_status":"closed","template":"","meta":{"jetpack_post_was_ever_published":false,"footnotes":""},"class_list":["post-633","page","type-page","status-publish","has-post-thumbnail","hentry"],"aioseo_notices":[],"jetpack_sharing_enabled":true,"featured_media_urls":{"thumbnail":["https:\/\/oldoriginal.zurnalaskelione.lt\/wp-content\/uploads\/2024\/08\/IMG_20240829_152415-150x150.jpg",150,150,true],"medium":["https:\/\/oldoriginal.zurnalaskelione.lt\/wp-content\/uploads\/2024\/08\/IMG_20240829_152415-300x225.jpg",300,225,true],"medium_large":["https:\/\/oldoriginal.zurnalaskelione.lt\/wp-content\/uploads\/2024\/08\/IMG_20240829_152415-scaled.jpg",768,576,false],"large":["https:\/\/oldoriginal.zurnalaskelione.lt\/wp-content\/uploads\/2024\/08\/IMG_20240829_152415-1024x768.jpg",950,713,true],"1536x1536":["https:\/\/oldoriginal.zurnalaskelione.lt\/wp-content\/uploads\/2024\/08\/IMG_20240829_152415-scaled-1536x1152.jpg",1536,1152,true],"2048x2048":["https:\/\/oldoriginal.zurnalaskelione.lt\/wp-content\/uploads\/2024\/08\/IMG_20240829_152415-scaled-2048x1536.jpg",2048,1536,true],"inspiro-featured-image":["https:\/\/oldoriginal.zurnalaskelione.lt\/wp-content\/uploads\/2024\/08\/IMG_20240829_152415-2000x1500.jpg",2000,1500,true],"inspiro-loop":["https:\/\/oldoriginal.zurnalaskelione.lt\/wp-content\/uploads\/2024\/08\/IMG_20240829_152415-950x320.jpg",950,320,true],"inspiro-loop@2x":["https:\/\/oldoriginal.zurnalaskelione.lt\/wp-content\/uploads\/2024\/08\/IMG_20240829_152415-1900x640.jpg",1900,640,true],"menu-24x24":["https:\/\/oldoriginal.zurnalaskelione.lt\/wp-content\/uploads\/2024\/08\/IMG_20240829_152415-scaled-24x18.jpg",24,18,true],"menu-36x36":["https:\/\/oldoriginal.zurnalaskelione.lt\/wp-content\/uploads\/2024\/08\/IMG_20240829_152415-scaled-36x27.jpg",36,27,true],"menu-48x48":["https:\/\/oldoriginal.zurnalaskelione.lt\/wp-content\/uploads\/2024\/08\/IMG_20240829_152415-scaled-48x36.jpg",48,36,true],"woocommerce_thumbnail":["https:\/\/oldoriginal.zurnalaskelione.lt\/wp-content\/uploads\/2024\/08\/IMG_20240829_152415-scaled-300x225.jpg",300,225,true],"woocommerce_single":["https:\/\/oldoriginal.zurnalaskelione.lt\/wp-content\/uploads\/2024\/08\/IMG_20240829_152415-scaled-600x450.jpg",600,450,true],"woocommerce_gallery_thumbnail":["https:\/\/oldoriginal.zurnalaskelione.lt\/wp-content\/uploads\/2024\/08\/IMG_20240829_152415-scaled-100x100.jpg",100,100,true],"portfolio_item-thumbnail":["https:\/\/oldoriginal.zurnalaskelione.lt\/wp-content\/uploads\/2024\/08\/IMG_20240829_152415-scaled-600x400.jpg",600,400,true],"portfolio_item-thumbnail@2x":["https:\/\/oldoriginal.zurnalaskelione.lt\/wp-content\/uploads\/2024\/08\/IMG_20240829_152415-scaled-1200x800.jpg",1200,800,true],"portfolio_item-masonry":["https:\/\/oldoriginal.zurnalaskelione.lt\/wp-content\/uploads\/2024\/08\/IMG_20240829_152415-scaled-600x450.jpg",600,450,true],"portfolio_item-masonry@2x":["https:\/\/oldoriginal.zurnalaskelione.lt\/wp-content\/uploads\/2024\/08\/IMG_20240829_152415-scaled-1200x900.jpg",1200,900,true],"portfolio_item-thumbnail_cinema":["https:\/\/oldoriginal.zurnalaskelione.lt\/wp-content\/uploads\/2024\/08\/IMG_20240829_152415-scaled-800x335.jpg",800,335,true],"portfolio_item-thumbnail_portrait":["https:\/\/oldoriginal.zurnalaskelione.lt\/wp-content\/uploads\/2024\/08\/IMG_20240829_152415-scaled-600x900.jpg",600,900,true],"portfolio_item-thumbnail_portrait@2x":["https:\/\/oldoriginal.zurnalaskelione.lt\/wp-content\/uploads\/2024\/08\/IMG_20240829_152415-scaled-1200x1800.jpg",1200,1800,true],"portfolio_item-thumbnail_square":["https:\/\/oldoriginal.zurnalaskelione.lt\/wp-content\/uploads\/2024\/08\/IMG_20240829_152415-scaled-800x800.jpg",800,800,true]},"_links":{"self":[{"href":"https:\/\/oldoriginal.zurnalaskelione.lt\/index.php\/wp-json\/wp\/v2\/pages\/633"}],"collection":[{"href":"https:\/\/oldoriginal.zurnalaskelione.lt\/index.php\/wp-json\/wp\/v2\/pages"}],"about":[{"href":"https:\/\/oldoriginal.zurnalaskelione.lt\/index.php\/wp-json\/wp\/v2\/types\/page"}],"author":[{"embeddable":true,"href":"https:\/\/oldoriginal.zurnalaskelione.lt\/index.php\/wp-json\/wp\/v2\/users\/2"}],"replies":[{"embeddable":true,"href":"https:\/\/oldoriginal.zurnalaskelione.lt\/index.php\/wp-json\/wp\/v2\/comments?post=633"}],"version-history":[{"count":107,"href":"https:\/\/oldoriginal.zurnalaskelione.lt\/index.php\/wp-json\/wp\/v2\/pages\/633\/revisions"}],"predecessor-version":[{"id":2890,"href":"https:\/\/oldoriginal.zurnalaskelione.lt\/index.php\/wp-json\/wp\/v2\/pages\/633\/revisions\/2890"}],"wp:featuredmedia":[{"embeddable":true,"href":"https:\/\/oldoriginal.zurnalaskelione.lt\/index.php\/wp-json\/wp\/v2\/media\/2829"}],"wp:attachment":[{"href":"https:\/\/oldoriginal.zurnalaskelione.lt\/index.php\/wp-json\/wp\/v2\/media?parent=633"}],"curies":[{"name":"wp","href":"https:\/\/api.w.org\/{rel}","templated":true}]}}