{"id":58,"date":"2022-09-30T14:44:57","date_gmt":"2022-09-30T14:44:57","guid":{"rendered":"https:\/\/kelias.programuoki.lt\/?page_id=58"},"modified":"2023-11-30T12:01:31","modified_gmt":"2023-11-30T09:01:31","slug":"parama","status":"publish","type":"page","link":"https:\/\/oldoriginal.zurnalaskelione.lt\/index.php\/parama\/","title":{"rendered":"Parama"},"content":{"rendered":"<p class=\"has-text-align-center\"><em><strong>Mieli skaitytojai,<\/strong> <\/em><\/p><p class=\"has-text-align-center\"><em>Tam, kad \u201eKelion\u0117\u201c t\u0119st\u0173si, nepaprastai svarbus kiekvieno i\u0161 m\u016bs\u0173 ind\u0117lis. Tad visus, kuriems brangus \u0161is \u017eurnalas ir svarbi jo ne\u0161ama \u017einia, kvie\u010diame prisid\u0117ti prie jo k\u016brimo ir gyvavimo. Nuo\u0161ird\u017eiai d\u0117kojame u\u017e bendrakeleivyst\u0119 ir param\u0105!<\/em><\/p><p class=\"has-white-color has-text-color\">.<\/p><hr class=\"wp-block-separator has-alpha-channel-opacity\"\/><h3 class=\"wp-block-heading has-text-align-center\">Kvie\u010diame<\/h3><div class=\"wp-block-group has-background is-layout-flow wp-block-group-is-layout-flow\" style=\"background-color:#7bdbb53b\"><ul class=\"wp-block-list\"><li>Dalintis savo nuomone, si\u016blyti tekstus ir temas;<\/li>\n\n<li>Platinti \u017eurnal\u0105 savo mieste;<\/li>\n\n<li>Prenumeruojant \u201eKelion\u0119\u201c rinktis <a href=\"https:\/\/oldoriginal.zurnalaskelione.lt\/index.php\/product\/remeju-prenumerata\/\" title=\"\u201eR\u0117m\u0117j\u0173 prenumerat\u0105\u201c\">\u201eR\u0117m\u0117j\u0173 prenumerat\u0105\u201c<\/a>;<\/li>\n\n<li>Paremti \u017eurnalo leidim\u0105 pinigine auka;<\/li>\n\n<li>Skirti 1,2 proc. param\u0105.<\/li><\/ul><\/div><p class=\"has-white-color has-text-color\">.<\/p><hr class=\"wp-block-separator has-alpha-channel-opacity\"\/><h3 class=\"wp-block-heading has-text-align-center\">Rekvizitai<\/h3><div class=\"wp-block-group alignwide has-white-background-color has-background is-layout-flow wp-block-group-is-layout-flow\"><div class=\"wp-block-group alignwide has-background is-layout-flow wp-block-group-is-layout-flow\" style=\"background-color:#7bdbb54d\"><p>V\u0161\u012e \u201eSm\u0117lio gr\u016bdeliai\u201c<\/p>\n\n<p>\u012emon\u0117s kodas 305912208<\/p>\n\n<p>PVM mok\u0117tojo kodas LT100014595714<\/p>\n\n<p>Lenktoji g. 22, Vilnius<\/p>\n\n<p>zurnalaskelione@gmail.com<\/p>\n\n<p>+370 677 52206<\/p>\n\n<p>S\u0105sk. nr. LT147300010169611191<\/p>\n\n<p>AB Swedbank<\/p><\/div>\n\n<div class=\"wp-block-group is-layout-flow wp-block-group-is-layout-flow\"><\/div><\/div><p><\/p><hr class=\"wp-block-separator has-alpha-channel-opacity\"\/><h3 class=\"wp-block-heading has-text-align-center\">1,2 proc. parama<\/h3><div class=\"wp-block-group has-background is-layout-flow wp-block-group-is-layout-flow\" style=\"background-color:#7bdbb542\"><p class=\"has-text-align-center\">Galite paremti \u017eurnal\u0105 \u201eKelion\u0117\u201c, neatverdami pinigin\u0117s ir skirdami 1,2 proc. param\u0105.<br>Tai galima padaryti elektroniniu b\u016bdu (<a href=\"https:\/\/deklaravimas.vmi.lt\/lt\/Pradinis_Prisijungimo_puslapis\/Prisijungimasperisorinessistemas.aspx\">deklaravimas.vmi.lt<\/a>, u\u017epildant form\u0105 FR0512). <\/p>\n\n<p class=\"has-text-align-center\"><strong>Reikalingi duomenys:<br><\/strong>V\u0161\u012e \u201eSm\u0117lio gr\u016bdeliai\u201c<br>Paramos gav\u0117jo identifikacinis numeris \u2013 305912208<\/p><\/div><p class=\"has-white-color has-text-color\">.<\/p><p class=\"has-white-color has-text-color\">.<\/p><p class=\"has-white-color has-text-color\">.<\/p>","protected":false},"excerpt":{"rendered":"<p>Mieli skaitytojai, Tam, kad \u201eKelion\u0117\u201c t\u0119st\u0173si, nepaprastai svarbus kiekvieno i\u0161 m\u016bs\u0173 ind\u0117lis. Tad visus, kuriems brangus \u0161is \u017eurnalas ir svarbi jo ne\u0161ama \u017einia, kvie\u010diame prisid\u0117ti prie jo k\u016brimo ir gyvavimo. Nuo\u0161ird\u017eiai d\u0117kojame u\u017e bendrakeleivyst\u0119 ir param\u0105! . Kvie\u010diame . Rekvizitai V\u0161\u012e \u201eSm\u0117lio gr\u016bdeliai\u201c \u012emon\u0117s kodas 305912208 PVM mok\u0117tojo kodas LT100014595714 Lenktoji g. 22, Vilnius zurnalaskelione@gmail.com &hellip; <\/p>\n<p class=\"link-more\"><a href=\"https:\/\/oldoriginal.zurnalaskelione.lt\/index.php\/parama\/\" class=\"more-link\">Read more<span class=\"screen-reader-text\"> &#8222;Parama&#8221;<\/span><\/a><\/p>\n","protected":false},"author":1,"featured_media":813,"parent":0,"menu_order":0,"comment_status":"closed","ping_status":"closed","template":"","meta":{"jetpack_post_was_ever_published":false,"footnotes":""},"class_list":["post-58","page","type-page","status-publish","has-post-thumbnail","hentry"],"aioseo_notices":[],"jetpack_sharing_enabled":true,"featured_media_urls":{"thumbnail":["https:\/\/oldoriginal.zurnalaskelione.lt\/wp-content\/uploads\/2022\/10\/parama-150x150.jpg",150,150,true],"medium":["https:\/\/oldoriginal.zurnalaskelione.lt\/wp-content\/uploads\/2022\/10\/parama-300x200.jpg",300,200,true],"medium_large":["https:\/\/oldoriginal.zurnalaskelione.lt\/wp-content\/uploads\/2022\/10\/parama-768x512.jpg",768,512,true],"large":["https:\/\/oldoriginal.zurnalaskelione.lt\/wp-content\/uploads\/2022\/10\/parama-1024x683.jpg",950,634,true],"1536x1536":["https:\/\/oldoriginal.zurnalaskelione.lt\/wp-content\/uploads\/2022\/10\/parama-1536x1025.jpg",1536,1025,true],"2048x2048":["https:\/\/oldoriginal.zurnalaskelione.lt\/wp-content\/uploads\/2022\/10\/parama-2048x1366.jpg",2048,1366,true],"inspiro-featured-image":["https:\/\/oldoriginal.zurnalaskelione.lt\/wp-content\/uploads\/2022\/10\/parama-2000x1334.jpg",2000,1334,true],"inspiro-loop":["https:\/\/oldoriginal.zurnalaskelione.lt\/wp-content\/uploads\/2022\/10\/parama-950x320.jpg",950,320,true],"inspiro-loop@2x":["https:\/\/oldoriginal.zurnalaskelione.lt\/wp-content\/uploads\/2022\/10\/parama-1900x640.jpg",1900,640,true],"menu-24x24":["https:\/\/oldoriginal.zurnalaskelione.lt\/wp-content\/uploads\/2022\/10\/parama-24x16.jpg",24,16,true],"menu-36x36":["https:\/\/oldoriginal.zurnalaskelione.lt\/wp-content\/uploads\/2022\/10\/parama-36x24.jpg",36,24,true],"menu-48x48":["https:\/\/oldoriginal.zurnalaskelione.lt\/wp-content\/uploads\/2022\/10\/parama-48x32.jpg",48,32,true],"woocommerce_thumbnail":["https:\/\/oldoriginal.zurnalaskelione.lt\/wp-content\/uploads\/2022\/10\/parama-300x200.jpg",300,200,true],"woocommerce_single":["https:\/\/oldoriginal.zurnalaskelione.lt\/wp-content\/uploads\/2022\/10\/parama-600x400.jpg",600,400,true],"woocommerce_gallery_thumbnail":["https:\/\/oldoriginal.zurnalaskelione.lt\/wp-content\/uploads\/2022\/10\/parama-100x100.jpg",100,100,true],"portfolio_item-thumbnail":["https:\/\/oldoriginal.zurnalaskelione.lt\/wp-content\/uploads\/2022\/10\/parama-600x400.jpg",600,400,true],"portfolio_item-thumbnail@2x":["https:\/\/oldoriginal.zurnalaskelione.lt\/wp-content\/uploads\/2022\/10\/parama-1200x800.jpg",1200,800,true],"portfolio_item-masonry":["https:\/\/oldoriginal.zurnalaskelione.lt\/wp-content\/uploads\/2022\/10\/parama-600x400.jpg",600,400,true],"portfolio_item-masonry@2x":["https:\/\/oldoriginal.zurnalaskelione.lt\/wp-content\/uploads\/2022\/10\/parama-1200x801.jpg",1200,801,true],"portfolio_item-thumbnail_cinema":["https:\/\/oldoriginal.zurnalaskelione.lt\/wp-content\/uploads\/2022\/10\/parama-800x335.jpg",800,335,true],"portfolio_item-thumbnail_portrait":["https:\/\/oldoriginal.zurnalaskelione.lt\/wp-content\/uploads\/2022\/10\/parama-600x900.jpg",600,900,true],"portfolio_item-thumbnail_portrait@2x":["https:\/\/oldoriginal.zurnalaskelione.lt\/wp-content\/uploads\/2022\/10\/parama-1200x1601.jpg",1200,1601,true],"portfolio_item-thumbnail_square":["https:\/\/oldoriginal.zurnalaskelione.lt\/wp-content\/uploads\/2022\/10\/parama-800x800.jpg",800,800,true]},"_links":{"self":[{"href":"https:\/\/oldoriginal.zurnalaskelione.lt\/index.php\/wp-json\/wp\/v2\/pages\/58"}],"collection":[{"href":"https:\/\/oldoriginal.zurnalaskelione.lt\/index.php\/wp-json\/wp\/v2\/pages"}],"about":[{"href":"https:\/\/oldoriginal.zurnalaskelione.lt\/index.php\/wp-json\/wp\/v2\/types\/page"}],"author":[{"embeddable":true,"href":"https:\/\/oldoriginal.zurnalaskelione.lt\/index.php\/wp-json\/wp\/v2\/users\/1"}],"replies":[{"embeddable":true,"href":"https:\/\/oldoriginal.zurnalaskelione.lt\/index.php\/wp-json\/wp\/v2\/comments?post=58"}],"version-history":[{"count":42,"href":"https:\/\/oldoriginal.zurnalaskelione.lt\/index.php\/wp-json\/wp\/v2\/pages\/58\/revisions"}],"predecessor-version":[{"id":1894,"href":"https:\/\/oldoriginal.zurnalaskelione.lt\/index.php\/wp-json\/wp\/v2\/pages\/58\/revisions\/1894"}],"wp:featuredmedia":[{"embeddable":true,"href":"https:\/\/oldoriginal.zurnalaskelione.lt\/index.php\/wp-json\/wp\/v2\/media\/813"}],"wp:attachment":[{"href":"https:\/\/oldoriginal.zurnalaskelione.lt\/index.php\/wp-json\/wp\/v2\/media?parent=58"}],"curies":[{"name":"wp","href":"https:\/\/api.w.org\/{rel}","templated":true}]}}