{"id":3,"date":"2022-09-29T15:58:46","date_gmt":"2022-09-29T15:58:46","guid":{"rendered":"https:\/\/kelias.programuoki.lt\/?page_id=3"},"modified":"2023-09-12T18:21:01","modified_gmt":"2023-09-12T15:21:01","slug":"privacy-policy","status":"publish","type":"page","link":"https:\/\/oldoriginal.zurnalaskelione.lt\/index.php\/privacy-policy\/","title":{"rendered":"Privatumo politika"},"content":{"rendered":"<h2 class=\"wp-block-heading\">Kam taikoma \u0161i privatumo politika?<\/h2><p>\u0160i privatumo politika taikoma, naudojantis V\u0161\u012e \u201eSm\u0117lio gr\u016bdeliai\u201c paslaugomis elektronin\u0117je parduotuv\u0117je (oldoriginal.zurnalaskelione.lt), norint gauti \u017eurnalo naujienlai\u0161k\u012f bei kit\u0105 informacij\u0105.<\/p><h2 class=\"wp-block-heading\">Duomen\u0173 valdytojas<\/h2><p>J\u016bs\u0173 asmens duomen\u0173, kuriuos pateikiate \u012fsigydami prekes ar u\u017esisakydami \u017eurnalo \u201eKelion\u0117\u201c prenumerat\u0105 puslapyje oldoriginal.zurnalaskelione.lt bei u\u017esisakydami naujienlai\u0161k\u012f, valdytojas yra V\u0161\u012e \u201eSm\u0117lio gr\u016bdeliai\u201c. Kontaktai: zurnalaskelione@gmail.com, tel. +370 677 52206.<\/p><h2 class=\"wp-block-heading\">Duomen\u0173 tvarkymo tikslai<\/h2><p>J\u016bs\u0173 duomenys yra tvarkomi preki\u0173 pirkimo ir pardavimo elektronin\u0117je parduotuv\u0117je sutarties sudarymo, tiesiogin\u0117s rinkodaros ir leidyklos (V\u0161\u012e \u201eSm\u0117lio gr\u016bdeliai\u201c) informacijos siuntimo tikslais. Tvarkydami J\u016bs\u0173 asmens duomenis laikom\u0117s Bendrojo duomen\u0173 apsaugos reglamento Nr. 2016\/679 (ES) (toliau \u2013 BDAR) bei Lietuvos Respublikos teis\u0117s akt\u0173 reikalavim\u0173, taip pat kontroliuojan\u010di\u0173 institucij\u0173 nurodym\u0173.<\/p><p>Teisiniai pagrindai tvarkyti j\u016bs\u0173 duomenis yra j\u016bs\u0173 sutikimas, kur\u012f duodate \u012fsigydami prek\u0119 ar u\u017esisakydami naujienlai\u0161k\u012f bei duomen\u0173 reikalingumas siekiant \u012fvykdyti sutart\u012f. Sutikimas i\u0161rei\u0161kiamas svetain\u0117je pa\u017eymint, kad esate susipa\u017ein\u0119s su privatumo politika ir sutinkate su J\u016bs\u0173 asmens duomen\u0173 tvarkymu.<\/p><h2 class=\"wp-block-heading\">Kokius duomenis renkame?<\/h2><p>J\u016bs\u0173 asmens duomenis gauname \u012fsigyjant prekes i\u0161 oldoriginal.zurnalaskelione.lt, u\u017esisakant naujienlai\u0161k\u012f ir pan. Be to, galime tvarkyti J\u016bs\u0173 duomenis, kuriuos mums pateikia oldoriginal.zurnalaskelione.lt klientai tais atvejais, kai nori Jums padovanoti m\u016bs\u0173 el. parduotuv\u0117je \u012fsigytas prekes, u\u017esakyti Jums \u017eurnalo prenumerat\u0105 ir u\u017esakymo metu nurodo J\u016bs\u0173 adres\u0105.<\/p><p>\u0160ioje privatumo politikoje renkame ir tvarkome duomenis, kurie reikalingi, norint identifikuoti paslaugos gav\u0117j\u0105 (vardas, pavard\u0117). Be to, renkami kontaktiniai bei sutarties vykdymui reikalingi duomenys, kurie bus naudojami perduodant informacij\u0105 ir pristatant prek\u0119: elektroninio pa\u0161to adresas, telefono numeris, adresas. \u0160ie duomenys gali b\u016bti tvarkomi tiek automatiniu, tiek neautomatiniu b\u016bdu.<\/p><h2 class=\"wp-block-heading\">Kam gali b\u016bti atskleid\u017eiami J\u016bs\u0173 asmens duomenys?<\/h2><p>Susipa\u017einti su J\u016bs\u0173 asmens duomenimis gali toki\u0105 teis\u0119 turintys asmenys V\u0161\u012e \u201eSm\u0117lio gr\u016bdeliai\u201c viduje. \u0160ie asmenys \u012fsipareigoja neatskleisti pirk\u0117jo asmens duomen\u0173 tretiesiems asmenims, i\u0161skyrus tuos atvejus, kai informacija yra b\u016btina partneriams, kurie teikia preki\u0173 pristatymo, mok\u0117jim\u0173 inicijavimo ir surinkimo ar kitas su pirk\u0117jo u\u017esakymo tinkamu \u012fvykdymu susijusias paslaugas. Kitais atvejais pirk\u0117jo asmens duomenys tretiesiems asmenims gali b\u016bti atskleid\u017eiami tik Lietuvos Respublikos teis\u0117s akt\u0173 numatytais atvejais ir tvarka.<\/p><h2 class=\"wp-block-heading\">Kiek laiko saugomi duomenys?<\/h2><p>Saugome J\u016bs\u0173 asmens duomen\u0173 informacij\u0105 tiek laiko, kiek reikalinga sutar\u010di\u0173 vykdymui bei \u0161ioje Privatumo politikoje nurodyt\u0173 tiksl\u0173 \u012fgyvendinimui. J\u016bs\u0173 asmens duomenys, susij\u0119 su elektronine prekyba, bus tvarkomi ir saugomi 2 metus nuo pirkimo dienos, i\u0161skyrus atvejus, kai ilgesnis turim\u0173 duomen\u0173 saugojimas yra privalomas pagal Lietuvos Respublikoje galiojan\u010dius teis\u0117s aktus.<\/p><h2 class=\"wp-block-heading\">J\u016bs\u0173 teis\u0117s, susijusios su asmens duomen\u0173 tvarkymu<\/h2><p>Turite \u0161ias teises, susijusias su J\u016bs\u0173 asmens duomen\u0173 tvarkymu:<\/p><ul class=\"wp-block-list\"><li>teis\u0119 susipa\u017einti su V\u0161\u012e \u201eSm\u0117lio gr\u016bdeliai\u201c tvarkomais J\u016bs\u0173 asmens duomenimis. J\u016bs\u0173 pra\u0161ymu bus patvirtinta ar ir kaip tvarkomi su Jumis susij\u0119 asmens duomenys tvarkomi, pateikiama informacija apie tvarkymo tikslus, kam J\u016bs\u0173 asmens duomenys atskleid\u017eiami ir pan.<\/li>\n\n<li>teis\u0119 reikalauti, kad i\u0161taisytume netikslius asmens duomenis;<\/li>\n\n<li>teis\u0119 reikalauti i\u0161trinti duomenis. Kai asmuo nebenori, kad jo duomenys b\u016bt\u0173 tvarkomi, ir n\u0117ra jokio teisinio pagrindo j\u0173 laikyti, duomenys turi b\u016bti i\u0161trinti;<\/li>\n\n<li>teis\u0119 bet kuriuo metu at\u0161aukti savo sutikim\u0105 d\u0117l asmens duomen\u0173 tvarkymo (toks at\u0161aukimas nedaro poveikio sutikimu pagr\u012fsto Tvarkymo, atlikto iki sutikimo at\u0161aukimo, teis\u0117tumui);<\/li>\n\n<li>teis\u0119 gauti tvarkomus asmens duomenis susistemintu, \u012fprastai naudojamu ir kompiuterio skaitomu formatu ir teis\u0119 esant tam tikroms s\u0105lygoms persi\u0173sti tuos asmens duomenis kitam valdytojui;<\/li>\n\n<li>teis\u0119 prie\u0161tarauti asmens duomen\u0173 tvarkymui tam tikrais tikslais ir tam tikromis s\u0105lygomis, i\u0161skyrus \u012fstatym\u0173 numatytus atvejus, kai \u0161i teis\u0117 gali b\u016bti apribota;<\/li>\n\n<li>teis\u0119 pateikti skund\u0105 prie\u017ei\u016bros institucijai. Jei manote, kad J\u016bs\u0173 asmens duomen\u0173 tvarkymas pa\u017eeid\u017eia BDAR nuostatas, turite teis\u0119 pateikti skund\u0105 atitinkamai prie\u017ei\u016bros institucijai.<\/li><\/ul><h2 class=\"wp-block-heading\">Slapukai<\/h2><p>Slapukai leid\u017eia internetinei svetainei veikti efektyviau ir gerinti savo paslaugas, analizuojant lankytoj\u0173 patirt\u012f, d\u0117l to J\u016bs\u0173 \u012frenginyje \u012fra\u0161ome informacij\u0105 (slapukus, angl. \u201ecookies\u201d). \u012era\u0161yt\u0105 informacij\u0105 naudosime rinkdami svetain\u0117s lankomumo statistik\u0105. Bet kada galite per\u017ei\u016br\u0117ti, kokie slapukai \u012fra\u0161omi, ir galite juos i\u0161trinti. Taip pat turite teis\u0119 nesutikti, kad b\u016bt\u0173 \u012fra\u0161oma ir naudojama informacija (slapukai) J\u016bs\u0173 kompiuteryje (\u012frenginyje), ta\u010diau tokiu atveju kai kurios svetain\u0117s funkcijos Jums gali b\u016bti apribotos. Preziumuojame, jog naudodamiesi oldoriginal.zurnalaskelione.lt paslaugomis sutinkate su tuo, kad J\u016bs\u0173 kompiuteryje (\u012frenginyje) b\u016bt\u0173 \u012fra\u0161oma informacija. Sutikim\u0105 galima at\u0161aukti pakei\u010diant savo interneto nar\u0161ykl\u0117s nustatymus ar kreipiantis \u012f mus svetain\u0117je nurodytais kontaktais.<\/p>","protected":false},"excerpt":{"rendered":"<p>Kam taikoma \u0161i privatumo politika? \u0160i privatumo politika taikoma, naudojantis V\u0161\u012e \u201eSm\u0117lio gr\u016bdeliai\u201c paslaugomis elektronin\u0117je parduotuv\u0117je (oldoriginal.zurnalaskelione.lt), norint gauti \u017eurnalo naujienlai\u0161k\u012f bei kit\u0105 informacij\u0105. Duomen\u0173 valdytojas J\u016bs\u0173 asmens duomen\u0173, kuriuos pateikiate \u012fsigydami prekes ar u\u017esisakydami \u017eurnalo \u201eKelion\u0117\u201c prenumerat\u0105 puslapyje oldoriginal.zurnalaskelione.lt bei u\u017esisakydami naujienlai\u0161k\u012f, valdytojas yra V\u0161\u012e \u201eSm\u0117lio gr\u016bdeliai\u201c. Kontaktai: zurnalaskelione@gmail.com, tel. +370 677 52206. Duomen\u0173 &hellip; <\/p>\n<p class=\"link-more\"><a href=\"https:\/\/oldoriginal.zurnalaskelione.lt\/index.php\/privacy-policy\/\" class=\"more-link\">Read more<span class=\"screen-reader-text\"> &#8222;Privatumo politika&#8221;<\/span><\/a><\/p>\n","protected":false},"author":1,"featured_media":0,"parent":0,"menu_order":0,"comment_status":"closed","ping_status":"closed","template":"","meta":{"jetpack_post_was_ever_published":false,"footnotes":""},"class_list":["post-3","page","type-page","status-publish","hentry"],"aioseo_notices":[],"jetpack_sharing_enabled":true,"featured_media_urls":[],"_links":{"self":[{"href":"https:\/\/oldoriginal.zurnalaskelione.lt\/index.php\/wp-json\/wp\/v2\/pages\/3"}],"collection":[{"href":"https:\/\/oldoriginal.zurnalaskelione.lt\/index.php\/wp-json\/wp\/v2\/pages"}],"about":[{"href":"https:\/\/oldoriginal.zurnalaskelione.lt\/index.php\/wp-json\/wp\/v2\/types\/page"}],"author":[{"embeddable":true,"href":"https:\/\/oldoriginal.zurnalaskelione.lt\/index.php\/wp-json\/wp\/v2\/users\/1"}],"replies":[{"embeddable":true,"href":"https:\/\/oldoriginal.zurnalaskelione.lt\/index.php\/wp-json\/wp\/v2\/comments?post=3"}],"version-history":[{"count":2,"href":"https:\/\/oldoriginal.zurnalaskelione.lt\/index.php\/wp-json\/wp\/v2\/pages\/3\/revisions"}],"predecessor-version":[{"id":1731,"href":"https:\/\/oldoriginal.zurnalaskelione.lt\/index.php\/wp-json\/wp\/v2\/pages\/3\/revisions\/1731"}],"wp:attachment":[{"href":"https:\/\/oldoriginal.zurnalaskelione.lt\/index.php\/wp-json\/wp\/v2\/media?parent=3"}],"curies":[{"name":"wp","href":"https:\/\/api.w.org\/{rel}","templated":true}]}}